{"id":3195,"date":"2024-01-15T20:45:14","date_gmt":"2024-01-15T20:45:14","guid":{"rendered":"https:\/\/caminodecostarica.org\/descargo-de-responsabilidad\/"},"modified":"2025-03-16T00:11:34","modified_gmt":"2025-03-16T00:11:34","slug":"descargo-de-responsabilidad","status":"publish","type":"page","link":"https:\/\/caminodecostarica.org\/es\/descargo-de-responsabilidad\/","title":{"rendered":"Descargo de responsabilidad"},"content":{"rendered":"\n<p>La Asociaci\u00f3n Mar a Mar proporciona informaci\u00f3n en su sitio web sobre las comunidades, alojamientos, restaurantes, excursiones e informaci\u00f3n general sobre lo que se puede encontrar a lo largo de la caminata conocida como \u00abEl Camino de Costa Rica\u00bb. Esta caminata de aproximadamente 280 kil\u00f3metros se extiende desde el Atl\u00e1ntico hasta el Pac\u00edfico y atraviesa 23 comunidades diferentes. Atraviesa selvas, tierras de cultivo, r\u00edos, monta\u00f1as y territorios ind\u00edgenas, y se compone de carreteras, caminos secundarios y senderos de todo tipo, incluidos algunos embarrados y dif\u00edciles que no est\u00e1n se\u00f1alizados. Por ello, la Asociaci\u00f3n Mar a Mar recomienda encarecidamente realizar este recorrido con un gu\u00eda de senderos experimentado. En el caso de los territorios ind\u00edgenas, es requisito indispensable ir con un gu\u00eda local. Es responsabilidad de los usuarios de nuestro sitio web aprender las t\u00e9cnicas necesarias para practicar senderismo de forma segura. Todos los participantes deben asumir la responsabilidad de sus propias ac onsecuencias y seguridad, y ejercer un juicio sensato, estar preparados para todas las condiciones y pedir consejo sobre las condiciones meteorol\u00f3gicas y de los senderos en cada momento. Las condiciones meteorol\u00f3gicas cambian de un d\u00eda para otro y las condiciones de los senderos pueden volverse extremadamente resbaladizas, sobre todo durante la estaci\u00f3n lluviosa de Costa Rica, que var\u00eda de una regi\u00f3n geogr\u00e1fica a otra. Debido a cambios clim\u00e1ticos o provocados por el hombre, la informaci\u00f3n de nuestro sitio web puede cambiar sin previo aviso. El sitio web de la Asociaci\u00f3n Mar a Mar pretende proporcionar la informaci\u00f3n m\u00e1s precisa y actualizada posible sobre El Camino de Costa Rica; sin embargo, los usuarios de nuestro sitio web no pueden responsabilizar a la Asociaci\u00f3n Mar a Mar de ning\u00fan accidente, lesi\u00f3n, p\u00e9rdida o muerte sufridos por cualquier persona que utilice la informaci\u00f3n de nuestro sitio web. Quienes utilicen esta informaci\u00f3n, y quienes se aventuren en senderos o en la naturaleza, lo hacen bajo su propia responsabilidad. T\u00fa eres el \u00fanico responsable de usar tu juicio e interpretar y utilizar esta informaci\u00f3n para disfrutar con seguridad de tus actividades al aire libre. Nuestro sitio web no pretende ser una gu\u00eda, sino m\u00e1s bien un sitio que proporciona informaci\u00f3n general; est\u00e1 disponible para que puedas hacerte una idea general de qu\u00e9 esperar en las excursiones que se enumeran en este sitio. No asumimos ninguna responsabilidad por inexactitudes, errores, omisiones o informaci\u00f3n incompleta. Sus patrocinadores, anunciantes y\/o cualquier persona que contribuya con informaci\u00f3n a este sitio no ser\u00e1n responsables de ning\u00fan inconveniente, accidente, rescate, lesi\u00f3n o muerte en caso de que emprendas alguna de las excursiones enumeradas en este sitio web. La Asociaci\u00f3n Mar a Mar, as\u00ed como las personas f\u00edsicas o jur\u00eddicas que han colaborado con este sitio web, se han esforzado por cumplir todas las leyes aplicables en materia de contenidos y derechos de autor. Por favor, notif\u00edcanos si tienes conocimiento de cualquier problema de derechos de autor relacionado con este sitio. Asimismo, la Asociaci\u00f3n Mar a Mar no se hace responsable de las normas sobre contenidos y derechos de autor de otros sitios que est\u00e9n enlazados con nuestra p\u00e1gina web.                 <\/p>\n","protected":false},"excerpt":{"rendered":"<p>La Asociaci\u00f3n Mar a Mar proporciona informaci\u00f3n en su sitio web sobre las comunidades, alojamientos, restaurantes, excursiones e informaci\u00f3n general sobre lo que se puede encontrar a lo largo de la caminata conocida como \u00abEl Camino de Costa Rica\u00bb. Esta caminata de aproximadamente 280 kil\u00f3metros se extiende desde el Atl\u00e1ntico hasta el Pac\u00edfico y atraviesa [&hellip;]<\/p>\n","protected":false},"author":1,"featured_media":0,"parent":0,"menu_order":0,"comment_status":"closed","ping_status":"open","template":"","meta":{"_acf_changed":false,"footnotes":""},"class_list":["post-3195","page","type-page","status-publish","hentry"],"acf":[],"mb":[],"yoast_head":"<!-- This site is optimized with the Yoast SEO plugin v25.4 - https:\/\/yoast.com\/wordpress\/plugins\/seo\/ -->\n<title>Descargo de responsabilidad - El Camino de Costa Rica<\/title>\n<meta name=\"robots\" content=\"index, follow, max-snippet:-1, max-image-preview:large, max-video-preview:-1\" \/>\n<link rel=\"canonical\" href=\"https:\/\/caminodecostarica.org\/es\/descargo-de-responsabilidad\/\" \/>\n<meta property=\"og:locale\" content=\"es_ES\" \/>\n<meta property=\"og:type\" content=\"article\" \/>\n<meta property=\"og:title\" content=\"Descargo de responsabilidad - El Camino de Costa Rica\" \/>\n<meta property=\"og:description\" content=\"La Asociaci\u00f3n Mar a Mar proporciona informaci\u00f3n en su sitio web sobre las comunidades, alojamientos, restaurantes, excursiones e informaci\u00f3n general sobre lo que se puede encontrar a lo largo de la caminata conocida como \u00abEl Camino de Costa Rica\u00bb. Esta caminata de aproximadamente 280 kil\u00f3metros se extiende desde el Atl\u00e1ntico hasta el Pac\u00edfico y atraviesa [&hellip;]\" \/>\n<meta property=\"og:url\" content=\"https:\/\/caminodecostarica.org\/es\/descargo-de-responsabilidad\/\" \/>\n<meta property=\"og:site_name\" content=\"El Camino de Costa Rica\" \/>\n<meta property=\"article:publisher\" content=\"https:\/\/www.facebook.com\/ElCaminoDeCostaRica\" \/>\n<meta property=\"article:modified_time\" content=\"2025-03-16T00:11:34+00:00\" \/>\n<meta property=\"og:image\" content=\"https:\/\/caminodecostarica.org\/wp-content\/uploads\/2025\/07\/ccr-default.jpg\" \/>\n\t<meta property=\"og:image:width\" content=\"1200\" \/>\n\t<meta property=\"og:image:height\" content=\"675\" \/>\n\t<meta property=\"og:image:type\" content=\"image\/jpeg\" \/>\n<meta name=\"twitter:card\" content=\"summary_large_image\" \/>\n<meta name=\"twitter:label1\" content=\"Tiempo de lectura\" \/>\n\t<meta name=\"twitter:data1\" content=\"3 minutos\" \/>\n<script type=\"application\/ld+json\" class=\"yoast-schema-graph\">{\"@context\":\"https:\/\/schema.org\",\"@graph\":[{\"@type\":\"WebPage\",\"@id\":\"https:\/\/caminodecostarica.org\/es\/descargo-de-responsabilidad\/\",\"url\":\"https:\/\/caminodecostarica.org\/es\/descargo-de-responsabilidad\/\",\"name\":\"Descargo de responsabilidad - El Camino de Costa Rica\",\"isPartOf\":{\"@id\":\"https:\/\/caminodecostarica.org\/es\/#website\"},\"datePublished\":\"2024-01-15T20:45:14+00:00\",\"dateModified\":\"2025-03-16T00:11:34+00:00\",\"breadcrumb\":{\"@id\":\"https:\/\/caminodecostarica.org\/es\/descargo-de-responsabilidad\/#breadcrumb\"},\"inLanguage\":\"es\",\"potentialAction\":[{\"@type\":\"ReadAction\",\"target\":[\"https:\/\/caminodecostarica.org\/es\/descargo-de-responsabilidad\/\"]}]},{\"@type\":\"BreadcrumbList\",\"@id\":\"https:\/\/caminodecostarica.org\/es\/descargo-de-responsabilidad\/#breadcrumb\",\"itemListElement\":[{\"@type\":\"ListItem\",\"position\":1,\"name\":\"Home\",\"item\":\"https:\/\/caminodecostarica.org\/es\/\"},{\"@type\":\"ListItem\",\"position\":2,\"name\":\"Descargo de responsabilidad\"}]},{\"@type\":\"WebSite\",\"@id\":\"https:\/\/caminodecostarica.org\/es\/#website\",\"url\":\"https:\/\/caminodecostarica.org\/es\/\",\"name\":\"El Camino de Costa Rica\",\"description\":\"Del Atl\u00e1ntico al Pac\u00edfico\",\"publisher\":{\"@id\":\"https:\/\/caminodecostarica.org\/es\/#organization\"},\"alternateName\":\"ECCR\",\"potentialAction\":[{\"@type\":\"SearchAction\",\"target\":{\"@type\":\"EntryPoint\",\"urlTemplate\":\"https:\/\/caminodecostarica.org\/es\/?s={search_term_string}\"},\"query-input\":{\"@type\":\"PropertyValueSpecification\",\"valueRequired\":true,\"valueName\":\"search_term_string\"}}],\"inLanguage\":\"es\"},{\"@type\":\"Organization\",\"@id\":\"https:\/\/caminodecostarica.org\/es\/#organization\",\"name\":\"El Camino de Costa Rica\",\"url\":\"https:\/\/caminodecostarica.org\/es\/\",\"logo\":{\"@type\":\"ImageObject\",\"inLanguage\":\"es\",\"@id\":\"https:\/\/caminodecostarica.org\/es\/#\/schema\/logo\/image\/\",\"url\":\"https:\/\/caminodecostarica.org\/wp-content\/uploads\/2025\/07\/logo-ccr.png\",\"contentUrl\":\"https:\/\/caminodecostarica.org\/wp-content\/uploads\/2025\/07\/logo-ccr.png\",\"width\":600,\"height\":429,\"caption\":\"El Camino de Costa Rica\"},\"image\":{\"@id\":\"https:\/\/caminodecostarica.org\/es\/#\/schema\/logo\/image\/\"},\"sameAs\":[\"https:\/\/www.facebook.com\/ElCaminoDeCostaRica\",\"https:\/\/www.instagram.com\/elcaminodecostarica\/\"]}]}<\/script>\n<!-- \/ Yoast SEO plugin. -->","yoast_head_json":{"title":"Descargo de responsabilidad - El Camino de Costa Rica","robots":{"index":"index","follow":"follow","max-snippet":"max-snippet:-1","max-image-preview":"max-image-preview:large","max-video-preview":"max-video-preview:-1"},"canonical":"https:\/\/caminodecostarica.org\/es\/descargo-de-responsabilidad\/","og_locale":"es_ES","og_type":"article","og_title":"Descargo de responsabilidad - El Camino de Costa Rica","og_description":"La Asociaci\u00f3n Mar a Mar proporciona informaci\u00f3n en su sitio web sobre las comunidades, alojamientos, restaurantes, excursiones e informaci\u00f3n general sobre lo que se puede encontrar a lo largo de la caminata conocida como \u00abEl Camino de Costa Rica\u00bb. Esta caminata de aproximadamente 280 kil\u00f3metros se extiende desde el Atl\u00e1ntico hasta el Pac\u00edfico y atraviesa [&hellip;]","og_url":"https:\/\/caminodecostarica.org\/es\/descargo-de-responsabilidad\/","og_site_name":"El Camino de Costa Rica","article_publisher":"https:\/\/www.facebook.com\/ElCaminoDeCostaRica","article_modified_time":"2025-03-16T00:11:34+00:00","og_image":[{"width":1200,"height":675,"url":"https:\/\/caminodecostarica.org\/wp-content\/uploads\/2025\/07\/ccr-default.jpg","type":"image\/jpeg"}],"twitter_card":"summary_large_image","twitter_misc":{"Tiempo de lectura":"3 minutos"},"schema":{"@context":"https:\/\/schema.org","@graph":[{"@type":"WebPage","@id":"https:\/\/caminodecostarica.org\/es\/descargo-de-responsabilidad\/","url":"https:\/\/caminodecostarica.org\/es\/descargo-de-responsabilidad\/","name":"Descargo de responsabilidad - El Camino de Costa Rica","isPartOf":{"@id":"https:\/\/caminodecostarica.org\/es\/#website"},"datePublished":"2024-01-15T20:45:14+00:00","dateModified":"2025-03-16T00:11:34+00:00","breadcrumb":{"@id":"https:\/\/caminodecostarica.org\/es\/descargo-de-responsabilidad\/#breadcrumb"},"inLanguage":"es","potentialAction":[{"@type":"ReadAction","target":["https:\/\/caminodecostarica.org\/es\/descargo-de-responsabilidad\/"]}]},{"@type":"BreadcrumbList","@id":"https:\/\/caminodecostarica.org\/es\/descargo-de-responsabilidad\/#breadcrumb","itemListElement":[{"@type":"ListItem","position":1,"name":"Home","item":"https:\/\/caminodecostarica.org\/es\/"},{"@type":"ListItem","position":2,"name":"Descargo de responsabilidad"}]},{"@type":"WebSite","@id":"https:\/\/caminodecostarica.org\/es\/#website","url":"https:\/\/caminodecostarica.org\/es\/","name":"El Camino de Costa Rica","description":"Del Atl\u00e1ntico al Pac\u00edfico","publisher":{"@id":"https:\/\/caminodecostarica.org\/es\/#organization"},"alternateName":"ECCR","potentialAction":[{"@type":"SearchAction","target":{"@type":"EntryPoint","urlTemplate":"https:\/\/caminodecostarica.org\/es\/?s={search_term_string}"},"query-input":{"@type":"PropertyValueSpecification","valueRequired":true,"valueName":"search_term_string"}}],"inLanguage":"es"},{"@type":"Organization","@id":"https:\/\/caminodecostarica.org\/es\/#organization","name":"El Camino de Costa Rica","url":"https:\/\/caminodecostarica.org\/es\/","logo":{"@type":"ImageObject","inLanguage":"es","@id":"https:\/\/caminodecostarica.org\/es\/#\/schema\/logo\/image\/","url":"https:\/\/caminodecostarica.org\/wp-content\/uploads\/2025\/07\/logo-ccr.png","contentUrl":"https:\/\/caminodecostarica.org\/wp-content\/uploads\/2025\/07\/logo-ccr.png","width":600,"height":429,"caption":"El Camino de Costa Rica"},"image":{"@id":"https:\/\/caminodecostarica.org\/es\/#\/schema\/logo\/image\/"},"sameAs":["https:\/\/www.facebook.com\/ElCaminoDeCostaRica","https:\/\/www.instagram.com\/elcaminodecostarica\/"]}]}},"mfb_rest_fields":["title","yoast_head","yoast_head_json"],"_links":{"self":[{"href":"https:\/\/caminodecostarica.org\/es\/wp-json\/wp\/v2\/pages\/3195","targetHints":{"allow":["GET"]}}],"collection":[{"href":"https:\/\/caminodecostarica.org\/es\/wp-json\/wp\/v2\/pages"}],"about":[{"href":"https:\/\/caminodecostarica.org\/es\/wp-json\/wp\/v2\/types\/page"}],"author":[{"embeddable":true,"href":"https:\/\/caminodecostarica.org\/es\/wp-json\/wp\/v2\/users\/1"}],"replies":[{"embeddable":true,"href":"https:\/\/caminodecostarica.org\/es\/wp-json\/wp\/v2\/comments?post=3195"}],"version-history":[{"count":2,"href":"https:\/\/caminodecostarica.org\/es\/wp-json\/wp\/v2\/pages\/3195\/revisions"}],"predecessor-version":[{"id":3498,"href":"https:\/\/caminodecostarica.org\/es\/wp-json\/wp\/v2\/pages\/3195\/revisions\/3498"}],"wp:attachment":[{"href":"https:\/\/caminodecostarica.org\/es\/wp-json\/wp\/v2\/media?parent=3195"}],"curies":[{"name":"wp","href":"https:\/\/api.w.org\/{rel}","templated":true}]}}