{"id":3191,"date":"2024-02-11T17:36:53","date_gmt":"2024-02-11T17:36:53","guid":{"rendered":"https:\/\/caminodecostarica.org\/descubre-el-camino\/nuestra-historia\/"},"modified":"2025-03-30T16:34:10","modified_gmt":"2025-03-30T16:34:10","slug":"nuestra-historia","status":"publish","type":"page","link":"https:\/\/caminodecostarica.org\/es\/descubre-el-camino\/nuestra-historia\/","title":{"rendered":"Nuestra historia"},"content":{"rendered":"\n<div class=\"wp-block-group alignfull has-global-padding is-layout-constrained wp-block-group-is-layout-constrained\" style=\"margin-bottom:var(--wp--preset--spacing--60)\">\n<h2 class=\"wp-block-heading\">Hitos de El Camino de Costa Rica<\/h2>\n\n\n\n<p>Desde 2011 hasta la fecha, personas de todo el mundo han unido sus fuerzas para dar vida a El Camino de Costa Rica. \u00c9sta es la historia de un sue\u00f1o, que se hace realidad y que sigue creciendo, mejorando y cambiando positivamente, a medida que m\u00e1s y m\u00e1s se unen para hacer de \u00e9sta una ruta de larga distancia de categor\u00eda mundial, pero sobre todo, para llevar la prosperidad a un rinc\u00f3n del mundo, paso a paso.<\/p>\n<\/div>\n\n\n\n<div class=\"wp-block-group alignfull has-yellow-light-background-color has-text-color has-background is-layout-flow wp-block-group-is-layout-flow\" style=\"color:#000000;margin-top:0;margin-bottom:0;padding-top:var(--wp--preset--spacing--60);padding-bottom:var(--wp--preset--spacing--60)\">\n<div class=\"wp-block-group has-global-padding is-layout-constrained wp-block-group-is-layout-constrained\">\n<p class=\"has-text-align-center\">Nuestros excursionistas apoyan la conservaci\u00f3n sostenible y los viajes en el coraz\u00f3n de Costa Rica visitando a nuestros empresarios rurales, difundiendo El Camino de Costa Rica, haciendo donaciones y recaudando fondos.  <\/p>\n<\/div>\n\n\n\n<div class=\"wp-block-buttons is-horizontal is-content-justification-center is-layout-flex wp-container-core-buttons-is-layout-03627597 wp-block-buttons-is-layout-flex\">\n<div class=\"wp-block-button has-custom-width wp-block-button__width-75 is-style-fill\"><a class=\"wp-block-button__link has-red-dark-background-color has-text-color has-background has-medium-font-size has-custom-font-size wp-element-button\" href=\"https:\/\/caminodecostarica.org\/es\/unete-a-nuestra-comunidad\/dona\/\" style=\"border-radius:10px;color:#ffffff\"><strong>Haz una<\/strong> donaci\u00f3n<strong> para ayudarnos a llegar a m\u00e1s comunidades<\/strong><\/a><\/div>\n<\/div>\n<\/div>\n\n\n\n<div class=\"wp-block-group alignfull has-transparent-background-color has-background has-global-padding is-layout-constrained wp-block-group-is-layout-constrained\" style=\"margin-top:0;padding-top:var(--wp--preset--spacing--70);padding-bottom:var(--wp--preset--spacing--70)\">\n<div class=\"wp-block-group alignwide is-layout-flow wp-block-group-is-layout-flow\" style=\"margin-top:0\">\n<iframe src='https:\/\/cdn.knightlab.com\/libs\/timeline3\/latest\/embed\/index.html?source=v2:2PACX-1vQxDuzPBUTlF6YaHenraedrUkAex9OzcxSLRJYG8qatyI2zItzwrY9OLEHOgvzbskdM3d7zQrXTAHAL&#038;font=Default&#038;lang=en&#038;initial_zoom=2&#038;height=650' width='100%' height='650' webkitallowfullscreen mozallowfullscreen allowfullscreen frameborder='0'><\/iframe>\n<\/div>\n<\/div>\n","protected":false},"excerpt":{"rendered":"<p>Conectando a excursionistas y comunidades desde 2012.<\/p>\n","protected":false},"author":1,"featured_media":3755,"parent":3128,"menu_order":0,"comment_status":"closed","ping_status":"closed","template":"single-page","meta":{"_acf_changed":false,"footnotes":""},"class_list":["post-3191","page","type-page","status-publish","has-post-thumbnail","hentry"],"acf":[],"mb":[],"yoast_head":"<!-- This site is optimized with the Yoast SEO plugin v25.4 - https:\/\/yoast.com\/wordpress\/plugins\/seo\/ -->\n<title>Nuestra historia - El Camino de Costa Rica<\/title>\n<meta name=\"robots\" content=\"index, follow, max-snippet:-1, max-image-preview:large, max-video-preview:-1\" \/>\n<link rel=\"canonical\" href=\"https:\/\/caminodecostarica.org\/es\/descubre-el-camino\/nuestra-historia\/\" \/>\n<meta property=\"og:locale\" content=\"es_ES\" \/>\n<meta property=\"og:type\" content=\"article\" \/>\n<meta property=\"og:title\" content=\"Nuestra historia - El Camino de Costa Rica\" \/>\n<meta property=\"og:description\" content=\"Conectando a excursionistas y comunidades desde 2012.\" \/>\n<meta property=\"og:url\" content=\"https:\/\/caminodecostarica.org\/es\/descubre-el-camino\/nuestra-historia\/\" \/>\n<meta property=\"og:site_name\" content=\"El Camino de Costa Rica\" \/>\n<meta property=\"article:publisher\" content=\"https:\/\/www.facebook.com\/ElCaminoDeCostaRica\" \/>\n<meta property=\"article:modified_time\" content=\"2025-03-30T16:34:10+00:00\" \/>\n<meta property=\"og:image\" content=\"https:\/\/caminodecostarica.org\/wp-content\/uploads\/2025\/03\/Header-Our-History.jpg\" \/>\n\t<meta property=\"og:image:width\" content=\"2500\" \/>\n\t<meta property=\"og:image:height\" content=\"1585\" \/>\n\t<meta property=\"og:image:type\" content=\"image\/jpeg\" \/>\n<meta name=\"twitter:card\" content=\"summary_large_image\" \/>\n<script type=\"application\/ld+json\" class=\"yoast-schema-graph\">{\"@context\":\"https:\/\/schema.org\",\"@graph\":[{\"@type\":\"WebPage\",\"@id\":\"https:\/\/caminodecostarica.org\/es\/descubre-el-camino\/nuestra-historia\/\",\"url\":\"https:\/\/caminodecostarica.org\/es\/descubre-el-camino\/nuestra-historia\/\",\"name\":\"Nuestra historia - El Camino de Costa Rica\",\"isPartOf\":{\"@id\":\"https:\/\/caminodecostarica.org\/es\/#website\"},\"primaryImageOfPage\":{\"@id\":\"https:\/\/caminodecostarica.org\/es\/descubre-el-camino\/nuestra-historia\/#primaryimage\"},\"image\":{\"@id\":\"https:\/\/caminodecostarica.org\/es\/descubre-el-camino\/nuestra-historia\/#primaryimage\"},\"thumbnailUrl\":\"https:\/\/caminodecostarica.org\/wp-content\/uploads\/2025\/03\/Header-Our-History.jpg\",\"datePublished\":\"2024-02-11T17:36:53+00:00\",\"dateModified\":\"2025-03-30T16:34:10+00:00\",\"breadcrumb\":{\"@id\":\"https:\/\/caminodecostarica.org\/es\/descubre-el-camino\/nuestra-historia\/#breadcrumb\"},\"inLanguage\":\"es\",\"potentialAction\":[{\"@type\":\"ReadAction\",\"target\":[\"https:\/\/caminodecostarica.org\/es\/descubre-el-camino\/nuestra-historia\/\"]}]},{\"@type\":\"ImageObject\",\"inLanguage\":\"es\",\"@id\":\"https:\/\/caminodecostarica.org\/es\/descubre-el-camino\/nuestra-historia\/#primaryimage\",\"url\":\"https:\/\/caminodecostarica.org\/wp-content\/uploads\/2025\/03\/Header-Our-History.jpg\",\"contentUrl\":\"https:\/\/caminodecostarica.org\/wp-content\/uploads\/2025\/03\/Header-Our-History.jpg\",\"width\":2500,\"height\":1585},{\"@type\":\"BreadcrumbList\",\"@id\":\"https:\/\/caminodecostarica.org\/es\/descubre-el-camino\/nuestra-historia\/#breadcrumb\",\"itemListElement\":[{\"@type\":\"ListItem\",\"position\":1,\"name\":\"Home\",\"item\":\"https:\/\/caminodecostarica.org\/es\/\"},{\"@type\":\"ListItem\",\"position\":2,\"name\":\"Descubre El Camino\",\"item\":\"https:\/\/caminodecostarica.org\/es\/descubre-el-camino\/\"},{\"@type\":\"ListItem\",\"position\":3,\"name\":\"Nuestra historia\"}]},{\"@type\":\"WebSite\",\"@id\":\"https:\/\/caminodecostarica.org\/es\/#website\",\"url\":\"https:\/\/caminodecostarica.org\/es\/\",\"name\":\"El Camino de Costa Rica\",\"description\":\"Del Atl\u00e1ntico al Pac\u00edfico\",\"publisher\":{\"@id\":\"https:\/\/caminodecostarica.org\/es\/#organization\"},\"alternateName\":\"ECCR\",\"potentialAction\":[{\"@type\":\"SearchAction\",\"target\":{\"@type\":\"EntryPoint\",\"urlTemplate\":\"https:\/\/caminodecostarica.org\/es\/?s={search_term_string}\"},\"query-input\":{\"@type\":\"PropertyValueSpecification\",\"valueRequired\":true,\"valueName\":\"search_term_string\"}}],\"inLanguage\":\"es\"},{\"@type\":\"Organization\",\"@id\":\"https:\/\/caminodecostarica.org\/es\/#organization\",\"name\":\"El Camino de Costa Rica\",\"url\":\"https:\/\/caminodecostarica.org\/es\/\",\"logo\":{\"@type\":\"ImageObject\",\"inLanguage\":\"es\",\"@id\":\"https:\/\/caminodecostarica.org\/es\/#\/schema\/logo\/image\/\",\"url\":\"https:\/\/caminodecostarica.org\/wp-content\/uploads\/2025\/07\/logo-ccr.png\",\"contentUrl\":\"https:\/\/caminodecostarica.org\/wp-content\/uploads\/2025\/07\/logo-ccr.png\",\"width\":600,\"height\":429,\"caption\":\"El Camino de Costa Rica\"},\"image\":{\"@id\":\"https:\/\/caminodecostarica.org\/es\/#\/schema\/logo\/image\/\"},\"sameAs\":[\"https:\/\/www.facebook.com\/ElCaminoDeCostaRica\",\"https:\/\/www.instagram.com\/elcaminodecostarica\/\"]}]}<\/script>\n<!-- \/ Yoast SEO plugin. -->","yoast_head_json":{"title":"Nuestra historia - El Camino de Costa Rica","robots":{"index":"index","follow":"follow","max-snippet":"max-snippet:-1","max-image-preview":"max-image-preview:large","max-video-preview":"max-video-preview:-1"},"canonical":"https:\/\/caminodecostarica.org\/es\/descubre-el-camino\/nuestra-historia\/","og_locale":"es_ES","og_type":"article","og_title":"Nuestra historia - El Camino de Costa Rica","og_description":"Conectando a excursionistas y comunidades desde 2012.","og_url":"https:\/\/caminodecostarica.org\/es\/descubre-el-camino\/nuestra-historia\/","og_site_name":"El Camino de Costa Rica","article_publisher":"https:\/\/www.facebook.com\/ElCaminoDeCostaRica","article_modified_time":"2025-03-30T16:34:10+00:00","og_image":[{"width":2500,"height":1585,"url":"https:\/\/caminodecostarica.org\/wp-content\/uploads\/2025\/03\/Header-Our-History.jpg","type":"image\/jpeg"}],"twitter_card":"summary_large_image","schema":{"@context":"https:\/\/schema.org","@graph":[{"@type":"WebPage","@id":"https:\/\/caminodecostarica.org\/es\/descubre-el-camino\/nuestra-historia\/","url":"https:\/\/caminodecostarica.org\/es\/descubre-el-camino\/nuestra-historia\/","name":"Nuestra historia - El Camino de Costa Rica","isPartOf":{"@id":"https:\/\/caminodecostarica.org\/es\/#website"},"primaryImageOfPage":{"@id":"https:\/\/caminodecostarica.org\/es\/descubre-el-camino\/nuestra-historia\/#primaryimage"},"image":{"@id":"https:\/\/caminodecostarica.org\/es\/descubre-el-camino\/nuestra-historia\/#primaryimage"},"thumbnailUrl":"https:\/\/caminodecostarica.org\/wp-content\/uploads\/2025\/03\/Header-Our-History.jpg","datePublished":"2024-02-11T17:36:53+00:00","dateModified":"2025-03-30T16:34:10+00:00","breadcrumb":{"@id":"https:\/\/caminodecostarica.org\/es\/descubre-el-camino\/nuestra-historia\/#breadcrumb"},"inLanguage":"es","potentialAction":[{"@type":"ReadAction","target":["https:\/\/caminodecostarica.org\/es\/descubre-el-camino\/nuestra-historia\/"]}]},{"@type":"ImageObject","inLanguage":"es","@id":"https:\/\/caminodecostarica.org\/es\/descubre-el-camino\/nuestra-historia\/#primaryimage","url":"https:\/\/caminodecostarica.org\/wp-content\/uploads\/2025\/03\/Header-Our-History.jpg","contentUrl":"https:\/\/caminodecostarica.org\/wp-content\/uploads\/2025\/03\/Header-Our-History.jpg","width":2500,"height":1585},{"@type":"BreadcrumbList","@id":"https:\/\/caminodecostarica.org\/es\/descubre-el-camino\/nuestra-historia\/#breadcrumb","itemListElement":[{"@type":"ListItem","position":1,"name":"Home","item":"https:\/\/caminodecostarica.org\/es\/"},{"@type":"ListItem","position":2,"name":"Descubre El Camino","item":"https:\/\/caminodecostarica.org\/es\/descubre-el-camino\/"},{"@type":"ListItem","position":3,"name":"Nuestra historia"}]},{"@type":"WebSite","@id":"https:\/\/caminodecostarica.org\/es\/#website","url":"https:\/\/caminodecostarica.org\/es\/","name":"El Camino de Costa Rica","description":"Del Atl\u00e1ntico al Pac\u00edfico","publisher":{"@id":"https:\/\/caminodecostarica.org\/es\/#organization"},"alternateName":"ECCR","potentialAction":[{"@type":"SearchAction","target":{"@type":"EntryPoint","urlTemplate":"https:\/\/caminodecostarica.org\/es\/?s={search_term_string}"},"query-input":{"@type":"PropertyValueSpecification","valueRequired":true,"valueName":"search_term_string"}}],"inLanguage":"es"},{"@type":"Organization","@id":"https:\/\/caminodecostarica.org\/es\/#organization","name":"El Camino de Costa Rica","url":"https:\/\/caminodecostarica.org\/es\/","logo":{"@type":"ImageObject","inLanguage":"es","@id":"https:\/\/caminodecostarica.org\/es\/#\/schema\/logo\/image\/","url":"https:\/\/caminodecostarica.org\/wp-content\/uploads\/2025\/07\/logo-ccr.png","contentUrl":"https:\/\/caminodecostarica.org\/wp-content\/uploads\/2025\/07\/logo-ccr.png","width":600,"height":429,"caption":"El Camino de Costa Rica"},"image":{"@id":"https:\/\/caminodecostarica.org\/es\/#\/schema\/logo\/image\/"},"sameAs":["https:\/\/www.facebook.com\/ElCaminoDeCostaRica","https:\/\/www.instagram.com\/elcaminodecostarica\/"]}]}},"mfb_rest_fields":["title","yoast_head","yoast_head_json"],"_links":{"self":[{"href":"https:\/\/caminodecostarica.org\/es\/wp-json\/wp\/v2\/pages\/3191","targetHints":{"allow":["GET"]}}],"collection":[{"href":"https:\/\/caminodecostarica.org\/es\/wp-json\/wp\/v2\/pages"}],"about":[{"href":"https:\/\/caminodecostarica.org\/es\/wp-json\/wp\/v2\/types\/page"}],"author":[{"embeddable":true,"href":"https:\/\/caminodecostarica.org\/es\/wp-json\/wp\/v2\/users\/1"}],"replies":[{"embeddable":true,"href":"https:\/\/caminodecostarica.org\/es\/wp-json\/wp\/v2\/comments?post=3191"}],"version-history":[{"count":3,"href":"https:\/\/caminodecostarica.org\/es\/wp-json\/wp\/v2\/pages\/3191\/revisions"}],"predecessor-version":[{"id":3947,"href":"https:\/\/caminodecostarica.org\/es\/wp-json\/wp\/v2\/pages\/3191\/revisions\/3947"}],"up":[{"embeddable":true,"href":"https:\/\/caminodecostarica.org\/es\/wp-json\/wp\/v2\/pages\/3128"}],"wp:featuredmedia":[{"embeddable":true,"href":"https:\/\/caminodecostarica.org\/es\/wp-json\/wp\/v2\/media\/3755"}],"wp:attachment":[{"href":"https:\/\/caminodecostarica.org\/es\/wp-json\/wp\/v2\/media?parent=3191"}],"curies":[{"name":"wp","href":"https:\/\/api.w.org\/{rel}","templated":true}]}}