{"id":3189,"date":"2024-02-11T17:38:16","date_gmt":"2024-02-11T17:38:16","guid":{"rendered":"https:\/\/caminodecostarica.org\/descubre-el-camino\/haz-senderismo-con-un-proposito\/"},"modified":"2025-03-22T22:42:07","modified_gmt":"2025-03-22T22:42:07","slug":"senderismo-con-proposito","status":"publish","type":"page","link":"https:\/\/caminodecostarica.org\/es\/descubre-el-camino\/senderismo-con-proposito\/","title":{"rendered":"Senderismo con un prop\u00f3sito"},"content":{"rendered":"\n<div class=\"wp-block-group alignfull has-global-padding is-layout-constrained wp-block-group-is-layout-constrained\" style=\"margin-bottom:var(--wp--preset--spacing--70)\">\n<p>Hacer El Camino de Costa Rica es algo m\u00e1s que una aventura; es una caminata con un prop\u00f3sito. A lo largo de 280 kil\u00f3metros desde el Mar Caribe hasta el Oc\u00e9ano Pac\u00edfico, este sendero conecta a los viajeros con 18 comunidades rurales, ofreciendo una oportunidad \u00fanica de apoyar directamente a las econom\u00edas locales. Al alojarse en albergues gestionados por la comunidad, comprar alimentos de origen local y relacionarse con los residentes, los excursionistas contribuyen a un turismo sostenible que mejora estos peque\u00f1os pueblos, a menudo remotos. Este enfoque no s\u00f3lo garantiza que el sendero beneficie a las personas que viven a lo largo del mismo, sino que tambi\u00e9n fomenta el intercambio cultural, permitiendo a los viajeros experimentar las aut\u00e9nticas tradiciones y hospitalidad costarricenses.<\/p>\n\n\n\n<p>M\u00e1s all\u00e1 de su belleza natural, El Camino de Costa Rica es un poderoso ejemplo de c\u00f3mo el turismo puede impulsar un cambio positivo. Muchas de las comunidades situadas a lo largo del sendero se enfrentan a problemas econ\u00f3micos, pero los ingresos generados por el turismo de senderismo ofrecen nuevas oportunidades de desarrollo. Desde la artesan\u00eda hasta las visitas guiadas, los lugare\u00f1os pueden compartir sus conocimientos y talentos, creando una experiencia mutuamente enriquecedora tanto para los excursionistas como para los anfitriones. Al elegir recorrer este sendero, los aventureros pasan a formar parte de este profundo prop\u00f3sito: apoyar la sostenibilidad rural y preservar el rico patrimonio cultural de Costa Rica.<\/p>\n<\/div>\n\n\n\n<div class=\"wp-block-group alignfull has-yellow-light-background-color has-background has-global-padding is-layout-constrained wp-block-group-is-layout-constrained\" style=\"padding-top:var(--wp--preset--spacing--70);padding-bottom:var(--wp--preset--spacing--70)\">\n<div class=\"wp-block-query alignwide ccr__post__query-loop is-layout-flow wp-block-query-is-layout-flow\"><ul class=\"columns-2 alignwide wp-block-post-template is-layout-grid wp-container-core-post-template-is-layout-02493678 wp-block-post-template-is-layout-grid\"><li class=\"wp-block-post post-3178 page type-page status-publish has-post-thumbnail hentry\">\n\n<article class=\"wp-block-group ccr__card-post has-border-color has-contrast-border-color has-base-background-color has-background is-layout-flow wp-block-group-is-layout-flow\" style=\"border-width:1px;border-radius:10px;padding-top:0;padding-right:0;padding-bottom:0;padding-left:0\"><figure style=\"aspect-ratio:3\/2; padding-top:0;padding-bottom:0;margin-top:0;margin-bottom:0;margin-left:0;margin-right:0;\" class=\"wp-block-post-featured-image\"><a href=\"https:\/\/caminodecostarica.org\/es\/sobre-nosotros\/beneficiarios\/\" target=\"_self\"  ><img loading=\"lazy\" decoding=\"async\" width=\"2500\" height=\"1875\" src=\"https:\/\/caminodecostarica.org\/wp-content\/uploads\/2025\/02\/Header-beneficiaries.jpg\" class=\"attachment-post-thumbnail size-post-thumbnail wp-post-image\" alt=\"Beneficiarios\" style=\"width:100%;height:100%;object-fit:cover;\" srcset=\"https:\/\/caminodecostarica.org\/wp-content\/uploads\/2025\/02\/Header-beneficiaries.jpg 2500w, https:\/\/caminodecostarica.org\/wp-content\/uploads\/2025\/02\/Header-beneficiaries-300x225.jpg 300w, https:\/\/caminodecostarica.org\/wp-content\/uploads\/2025\/02\/Header-beneficiaries-1024x768.jpg 1024w, https:\/\/caminodecostarica.org\/wp-content\/uploads\/2025\/02\/Header-beneficiaries-768x576.jpg 768w, https:\/\/caminodecostarica.org\/wp-content\/uploads\/2025\/02\/Header-beneficiaries-1536x1152.jpg 1536w, https:\/\/caminodecostarica.org\/wp-content\/uploads\/2025\/02\/Header-beneficiaries-2048x1536.jpg 2048w\" sizes=\"auto, (max-width: 2500px) 100vw, 2500px\" \/><\/a><\/figure>\n\n\n<div class=\"wp-block-group has-global-padding is-layout-constrained wp-container-core-group-is-layout-fc3172a5 wp-block-group-is-layout-constrained\" style=\"margin-top:0;margin-bottom:0;padding-top:var(--wp--preset--spacing--40);padding-right:var(--wp--preset--spacing--40);padding-bottom:var(--wp--preset--spacing--40);padding-left:var(--wp--preset--spacing--40)\"><h2 style=\"margin-bottom:0;margin-top:0;\" class=\"has-text-align-center wp-block-post-title has-large-font-size\"><a href=\"https:\/\/caminodecostarica.org\/es\/sobre-nosotros\/beneficiarios\/\" target=\"_self\" >Beneficiarios<\/a><\/h2>\n\n<div class=\"has-text-align-center wp-block-post-excerpt\"><p class=\"wp-block-post-excerpt__excerpt\">\u00bfA qui\u00e9n ayuda El Camino de Costa Rica? <\/p><\/div>\n\n\n<div class=\"wp-block-group is-content-justification-center is-nowrap is-layout-flex wp-container-core-group-is-layout-de7a01c6 wp-block-group-is-layout-flex\" style=\"margin-bottom:var(--wp--preset--spacing--50)\"><a style=\"padding-top:var(--wp--preset--spacing--20);padding-bottom:var(--wp--preset--spacing--20);padding-left:var(--wp--preset--spacing--40);padding-right:var(--wp--preset--spacing--40);\" class=\"wp-block-button__link wp-elements-c92257c2fd0acf7e35af5c3fe15502c1 wp-block-read-more has-text-color has-base-color has-background has-primary-background-color\" href=\"https:\/\/caminodecostarica.org\/es\/sobre-nosotros\/beneficiarios\/\" target=\"_self\">Leer m\u00e1s<span class=\"screen-reader-text\">: Beneficiarios<\/span><\/a><\/div>\n<\/div>\n<\/article>\n\n<\/li><li class=\"wp-block-post post-3182 page type-page status-publish has-post-thumbnail hentry\">\n\n<article class=\"wp-block-group ccr__card-post has-border-color has-contrast-border-color has-base-background-color has-background is-layout-flow wp-block-group-is-layout-flow\" style=\"border-width:1px;border-radius:10px;padding-top:0;padding-right:0;padding-bottom:0;padding-left:0\"><figure style=\"aspect-ratio:3\/2; padding-top:0;padding-bottom:0;margin-top:0;margin-bottom:0;margin-left:0;margin-right:0;\" class=\"wp-block-post-featured-image\"><a href=\"https:\/\/caminodecostarica.org\/es\/unete-a-nuestra-comunidad\/blog\/\" target=\"_self\"  ><img loading=\"lazy\" decoding=\"async\" width=\"1280\" height=\"720\" src=\"https:\/\/caminodecostarica.org\/wp-content\/uploads\/2024\/10\/blog-header-1.jpg\" class=\"attachment-post-thumbnail size-post-thumbnail wp-post-image\" alt=\"Blog\" style=\"width:100%;height:100%;object-fit:cover;\" srcset=\"https:\/\/caminodecostarica.org\/wp-content\/uploads\/2024\/10\/blog-header-1.jpg 1280w, https:\/\/caminodecostarica.org\/wp-content\/uploads\/2024\/10\/blog-header-1-300x169.jpg 300w, https:\/\/caminodecostarica.org\/wp-content\/uploads\/2024\/10\/blog-header-1-1024x576.jpg 1024w, https:\/\/caminodecostarica.org\/wp-content\/uploads\/2024\/10\/blog-header-1-768x432.jpg 768w\" sizes=\"auto, (max-width: 1280px) 100vw, 1280px\" \/><\/a><\/figure>\n\n\n<div class=\"wp-block-group has-global-padding is-layout-constrained wp-container-core-group-is-layout-fc3172a5 wp-block-group-is-layout-constrained\" style=\"margin-top:0;margin-bottom:0;padding-top:var(--wp--preset--spacing--40);padding-right:var(--wp--preset--spacing--40);padding-bottom:var(--wp--preset--spacing--40);padding-left:var(--wp--preset--spacing--40)\"><h2 style=\"margin-bottom:0;margin-top:0;\" class=\"has-text-align-center wp-block-post-title has-large-font-size\"><a href=\"https:\/\/caminodecostarica.org\/es\/unete-a-nuestra-comunidad\/blog\/\" target=\"_self\" >Blog<\/a><\/h2>\n\n<div class=\"has-text-align-center wp-block-post-excerpt\"><p class=\"wp-block-post-excerpt__excerpt\">Testimonios de impacto <\/p><\/div>\n\n\n<div class=\"wp-block-group is-content-justification-center is-nowrap is-layout-flex wp-container-core-group-is-layout-de7a01c6 wp-block-group-is-layout-flex\" style=\"margin-bottom:var(--wp--preset--spacing--50)\"><a style=\"padding-top:var(--wp--preset--spacing--20);padding-bottom:var(--wp--preset--spacing--20);padding-left:var(--wp--preset--spacing--40);padding-right:var(--wp--preset--spacing--40);\" class=\"wp-block-button__link wp-elements-c92257c2fd0acf7e35af5c3fe15502c1 wp-block-read-more has-text-color has-base-color has-background has-primary-background-color\" href=\"https:\/\/caminodecostarica.org\/es\/unete-a-nuestra-comunidad\/blog\/\" target=\"_self\">Leer m\u00e1s<span class=\"screen-reader-text\">: Blog<\/span><\/a><\/div>\n<\/div>\n<\/article>\n\n<\/li><li class=\"wp-block-post post-3288 page type-page status-publish has-post-thumbnail hentry\">\n\n<article class=\"wp-block-group ccr__card-post has-border-color has-contrast-border-color has-base-background-color has-background is-layout-flow wp-block-group-is-layout-flow\" style=\"border-width:1px;border-radius:10px;padding-top:0;padding-right:0;padding-bottom:0;padding-left:0\"><figure style=\"aspect-ratio:3\/2; padding-top:0;padding-bottom:0;margin-top:0;margin-bottom:0;margin-left:0;margin-right:0;\" class=\"wp-block-post-featured-image\"><a href=\"https:\/\/caminodecostarica.org\/es\/sobre-nosotros\/\" target=\"_self\"  ><img loading=\"lazy\" decoding=\"async\" width=\"2500\" height=\"1875\" src=\"https:\/\/caminodecostarica.org\/wp-content\/uploads\/2024\/11\/test1_about-slider-1.jpg\" class=\"attachment-post-thumbnail size-post-thumbnail wp-post-image\" alt=\"Qui\u00e9nes somos\" style=\"width:100%;height:100%;object-fit:cover;\" srcset=\"https:\/\/caminodecostarica.org\/wp-content\/uploads\/2024\/11\/test1_about-slider-1.jpg 2500w, https:\/\/caminodecostarica.org\/wp-content\/uploads\/2024\/11\/test1_about-slider-1-300x225.jpg 300w, https:\/\/caminodecostarica.org\/wp-content\/uploads\/2024\/11\/test1_about-slider-1-1024x768.jpg 1024w, https:\/\/caminodecostarica.org\/wp-content\/uploads\/2024\/11\/test1_about-slider-1-768x576.jpg 768w, https:\/\/caminodecostarica.org\/wp-content\/uploads\/2024\/11\/test1_about-slider-1-1536x1152.jpg 1536w, https:\/\/caminodecostarica.org\/wp-content\/uploads\/2024\/11\/test1_about-slider-1-2048x1536.jpg 2048w\" sizes=\"auto, (max-width: 2500px) 100vw, 2500px\" \/><\/a><\/figure>\n\n\n<div class=\"wp-block-group has-global-padding is-layout-constrained wp-container-core-group-is-layout-fc3172a5 wp-block-group-is-layout-constrained\" style=\"margin-top:0;margin-bottom:0;padding-top:var(--wp--preset--spacing--40);padding-right:var(--wp--preset--spacing--40);padding-bottom:var(--wp--preset--spacing--40);padding-left:var(--wp--preset--spacing--40)\"><h2 style=\"margin-bottom:0;margin-top:0;\" class=\"has-text-align-center wp-block-post-title has-large-font-size\"><a href=\"https:\/\/caminodecostarica.org\/es\/sobre-nosotros\/\" target=\"_self\" >Qui\u00e9nes somos<\/a><\/h2>\n\n<div class=\"has-text-align-center wp-block-post-excerpt\"><p class=\"wp-block-post-excerpt__excerpt\">Lo que defendemos C\u00f3mo trabajamos En qu\u00e9 creemos Nuestros objetivos La Asociaci\u00f3n Mar a Mar es una asociaci\u00f3n sin \u00e1nimo de lucro para el desarrollo rural. Hemos creado un viaje lleno de aventuras y pintorescos pueblos costarricenses desde el Atl\u00e1ntico hasta el Pac\u00edfico. La organizaci\u00f3n desarrolla y refuerza el nexo entre la conservaci\u00f3n y protecci\u00f3n&hellip; <\/p><\/div>\n\n\n<div class=\"wp-block-group is-content-justification-center is-nowrap is-layout-flex wp-container-core-group-is-layout-de7a01c6 wp-block-group-is-layout-flex\" style=\"margin-bottom:var(--wp--preset--spacing--50)\"><a style=\"padding-top:var(--wp--preset--spacing--20);padding-bottom:var(--wp--preset--spacing--20);padding-left:var(--wp--preset--spacing--40);padding-right:var(--wp--preset--spacing--40);\" class=\"wp-block-button__link wp-elements-c92257c2fd0acf7e35af5c3fe15502c1 wp-block-read-more has-text-color has-base-color has-background has-primary-background-color\" href=\"https:\/\/caminodecostarica.org\/es\/sobre-nosotros\/\" target=\"_self\">Leer m\u00e1s<span class=\"screen-reader-text\">: Qui\u00e9nes somos<\/span><\/a><\/div>\n<\/div>\n<\/article>\n\n<\/li><li class=\"wp-block-post post-3187 page type-page status-publish has-post-thumbnail hentry\">\n\n<article class=\"wp-block-group ccr__card-post has-border-color has-contrast-border-color has-base-background-color has-background is-layout-flow wp-block-group-is-layout-flow\" style=\"border-width:1px;border-radius:10px;padding-top:0;padding-right:0;padding-bottom:0;padding-left:0\"><figure style=\"aspect-ratio:3\/2; padding-top:0;padding-bottom:0;margin-top:0;margin-bottom:0;margin-left:0;margin-right:0;\" class=\"wp-block-post-featured-image\"><a href=\"https:\/\/caminodecostarica.org\/es\/unete-a-nuestra-comunidad\/\" target=\"_self\"  ><img loading=\"lazy\" decoding=\"async\" width=\"1920\" height=\"1194\" src=\"https:\/\/caminodecostarica.org\/wp-content\/uploads\/2024\/11\/slider-join-1.jpg\" class=\"attachment-post-thumbnail size-post-thumbnail wp-post-image\" alt=\"\u00danete a nuestra comunidad\" style=\"width:100%;height:100%;object-fit:cover;\" srcset=\"https:\/\/caminodecostarica.org\/wp-content\/uploads\/2024\/11\/slider-join-1.jpg 1920w, https:\/\/caminodecostarica.org\/wp-content\/uploads\/2024\/11\/slider-join-1-300x187.jpg 300w, https:\/\/caminodecostarica.org\/wp-content\/uploads\/2024\/11\/slider-join-1-1024x637.jpg 1024w, https:\/\/caminodecostarica.org\/wp-content\/uploads\/2024\/11\/slider-join-1-768x478.jpg 768w, https:\/\/caminodecostarica.org\/wp-content\/uploads\/2024\/11\/slider-join-1-1536x955.jpg 1536w\" sizes=\"auto, (max-width: 1920px) 100vw, 1920px\" \/><\/a><\/figure>\n\n\n<div class=\"wp-block-group has-global-padding is-layout-constrained wp-container-core-group-is-layout-fc3172a5 wp-block-group-is-layout-constrained\" style=\"margin-top:0;margin-bottom:0;padding-top:var(--wp--preset--spacing--40);padding-right:var(--wp--preset--spacing--40);padding-bottom:var(--wp--preset--spacing--40);padding-left:var(--wp--preset--spacing--40)\"><h2 style=\"margin-bottom:0;margin-top:0;\" class=\"has-text-align-center wp-block-post-title has-large-font-size\"><a href=\"https:\/\/caminodecostarica.org\/es\/unete-a-nuestra-comunidad\/\" target=\"_self\" >\u00danete a nuestra comunidad<\/a><\/h2>\n\n<div class=\"has-text-align-center wp-block-post-excerpt\"><p class=\"wp-block-post-excerpt__excerpt\">La Asociaci\u00f3n sin \u00e1nimo de lucro Mar a Mar dise\u00f1\u00f3, construy\u00f3 y sigue desarrollando El Camino de Costa Rica, pero lo m\u00e1s importante es que trabaja estrechamente con las comunidades a lo largo de la ruta. Proporcionamos orientaci\u00f3n y capital inicial a los emprendedores rurales; abordamos cuestiones comunitarias b\u00e1sicas como el agua y la electricidad&hellip; <\/p><\/div>\n\n\n<div class=\"wp-block-group is-content-justification-center is-nowrap is-layout-flex wp-container-core-group-is-layout-de7a01c6 wp-block-group-is-layout-flex\" style=\"margin-bottom:var(--wp--preset--spacing--50)\"><a style=\"padding-top:var(--wp--preset--spacing--20);padding-bottom:var(--wp--preset--spacing--20);padding-left:var(--wp--preset--spacing--40);padding-right:var(--wp--preset--spacing--40);\" class=\"wp-block-button__link wp-elements-c92257c2fd0acf7e35af5c3fe15502c1 wp-block-read-more has-text-color has-base-color has-background has-primary-background-color\" href=\"https:\/\/caminodecostarica.org\/es\/unete-a-nuestra-comunidad\/\" target=\"_self\">Leer m\u00e1s<span class=\"screen-reader-text\">: \u00danete a nuestra comunidad<\/span><\/a><\/div>\n<\/div>\n<\/article>\n\n<\/li><\/ul>\n\n\n\n<\/div>\n<\/div>\n","protected":false},"excerpt":{"rendered":"<p>Marca la diferencia a cada paso.<\/p>\n","protected":false},"author":1,"featured_media":3114,"parent":3128,"menu_order":0,"comment_status":"closed","ping_status":"closed","template":"single-page","meta":{"_acf_changed":false,"footnotes":""},"class_list":["post-3189","page","type-page","status-publish","has-post-thumbnail","hentry"],"acf":[],"mb":[],"yoast_head":"<!-- This site is optimized with the Yoast SEO plugin v25.4 - https:\/\/yoast.com\/wordpress\/plugins\/seo\/ -->\n<title>Senderismo con un prop\u00f3sito - El Camino de Costa Rica<\/title>\n<meta name=\"robots\" content=\"index, follow, max-snippet:-1, max-image-preview:large, max-video-preview:-1\" \/>\n<link rel=\"canonical\" href=\"https:\/\/caminodecostarica.org\/es\/descubre-el-camino\/senderismo-con-proposito\/\" \/>\n<meta property=\"og:locale\" content=\"es_ES\" \/>\n<meta property=\"og:type\" content=\"article\" \/>\n<meta property=\"og:title\" content=\"Senderismo con un prop\u00f3sito - El Camino de Costa Rica\" \/>\n<meta property=\"og:description\" content=\"Marca la diferencia a cada paso.\" \/>\n<meta property=\"og:url\" content=\"https:\/\/caminodecostarica.org\/es\/descubre-el-camino\/senderismo-con-proposito\/\" \/>\n<meta property=\"og:site_name\" content=\"El Camino de Costa Rica\" \/>\n<meta property=\"article:publisher\" content=\"https:\/\/www.facebook.com\/ElCaminoDeCostaRica\" \/>\n<meta property=\"article:modified_time\" content=\"2025-03-22T22:42:07+00:00\" \/>\n<meta property=\"og:image\" content=\"https:\/\/caminodecostarica.org\/wp-content\/uploads\/2025\/02\/header-hikeWithPupose-opcion-01.jpg\" \/>\n\t<meta property=\"og:image:width\" content=\"1280\" \/>\n\t<meta property=\"og:image:height\" content=\"960\" \/>\n\t<meta property=\"og:image:type\" content=\"image\/jpeg\" \/>\n<meta name=\"twitter:card\" content=\"summary_large_image\" \/>\n<meta name=\"twitter:label1\" content=\"Tiempo de lectura\" \/>\n\t<meta name=\"twitter:data1\" content=\"1 minuto\" \/>\n<script type=\"application\/ld+json\" class=\"yoast-schema-graph\">{\"@context\":\"https:\/\/schema.org\",\"@graph\":[{\"@type\":\"WebPage\",\"@id\":\"https:\/\/caminodecostarica.org\/es\/descubre-el-camino\/senderismo-con-proposito\/\",\"url\":\"https:\/\/caminodecostarica.org\/es\/descubre-el-camino\/senderismo-con-proposito\/\",\"name\":\"Senderismo con un prop\u00f3sito - El Camino de Costa Rica\",\"isPartOf\":{\"@id\":\"https:\/\/caminodecostarica.org\/es\/#website\"},\"primaryImageOfPage\":{\"@id\":\"https:\/\/caminodecostarica.org\/es\/descubre-el-camino\/senderismo-con-proposito\/#primaryimage\"},\"image\":{\"@id\":\"https:\/\/caminodecostarica.org\/es\/descubre-el-camino\/senderismo-con-proposito\/#primaryimage\"},\"thumbnailUrl\":\"https:\/\/caminodecostarica.org\/wp-content\/uploads\/2025\/02\/header-hikeWithPupose-opcion-01.jpg\",\"datePublished\":\"2024-02-11T17:38:16+00:00\",\"dateModified\":\"2025-03-22T22:42:07+00:00\",\"breadcrumb\":{\"@id\":\"https:\/\/caminodecostarica.org\/es\/descubre-el-camino\/senderismo-con-proposito\/#breadcrumb\"},\"inLanguage\":\"es\",\"potentialAction\":[{\"@type\":\"ReadAction\",\"target\":[\"https:\/\/caminodecostarica.org\/es\/descubre-el-camino\/senderismo-con-proposito\/\"]}]},{\"@type\":\"ImageObject\",\"inLanguage\":\"es\",\"@id\":\"https:\/\/caminodecostarica.org\/es\/descubre-el-camino\/senderismo-con-proposito\/#primaryimage\",\"url\":\"https:\/\/caminodecostarica.org\/wp-content\/uploads\/2025\/02\/header-hikeWithPupose-opcion-01.jpg\",\"contentUrl\":\"https:\/\/caminodecostarica.org\/wp-content\/uploads\/2025\/02\/header-hikeWithPupose-opcion-01.jpg\",\"width\":1280,\"height\":960},{\"@type\":\"BreadcrumbList\",\"@id\":\"https:\/\/caminodecostarica.org\/es\/descubre-el-camino\/senderismo-con-proposito\/#breadcrumb\",\"itemListElement\":[{\"@type\":\"ListItem\",\"position\":1,\"name\":\"Home\",\"item\":\"https:\/\/caminodecostarica.org\/es\/\"},{\"@type\":\"ListItem\",\"position\":2,\"name\":\"Descubre El Camino\",\"item\":\"https:\/\/caminodecostarica.org\/es\/descubre-el-camino\/\"},{\"@type\":\"ListItem\",\"position\":3,\"name\":\"Senderismo con un prop\u00f3sito\"}]},{\"@type\":\"WebSite\",\"@id\":\"https:\/\/caminodecostarica.org\/es\/#website\",\"url\":\"https:\/\/caminodecostarica.org\/es\/\",\"name\":\"El Camino de Costa Rica\",\"description\":\"Del Atl\u00e1ntico al Pac\u00edfico\",\"publisher\":{\"@id\":\"https:\/\/caminodecostarica.org\/es\/#organization\"},\"alternateName\":\"ECCR\",\"potentialAction\":[{\"@type\":\"SearchAction\",\"target\":{\"@type\":\"EntryPoint\",\"urlTemplate\":\"https:\/\/caminodecostarica.org\/es\/?s={search_term_string}\"},\"query-input\":{\"@type\":\"PropertyValueSpecification\",\"valueRequired\":true,\"valueName\":\"search_term_string\"}}],\"inLanguage\":\"es\"},{\"@type\":\"Organization\",\"@id\":\"https:\/\/caminodecostarica.org\/es\/#organization\",\"name\":\"El Camino de Costa Rica\",\"url\":\"https:\/\/caminodecostarica.org\/es\/\",\"logo\":{\"@type\":\"ImageObject\",\"inLanguage\":\"es\",\"@id\":\"https:\/\/caminodecostarica.org\/es\/#\/schema\/logo\/image\/\",\"url\":\"https:\/\/caminodecostarica.org\/wp-content\/uploads\/2025\/07\/logo-ccr.png\",\"contentUrl\":\"https:\/\/caminodecostarica.org\/wp-content\/uploads\/2025\/07\/logo-ccr.png\",\"width\":600,\"height\":429,\"caption\":\"El Camino de Costa Rica\"},\"image\":{\"@id\":\"https:\/\/caminodecostarica.org\/es\/#\/schema\/logo\/image\/\"},\"sameAs\":[\"https:\/\/www.facebook.com\/ElCaminoDeCostaRica\",\"https:\/\/www.instagram.com\/elcaminodecostarica\/\"]}]}<\/script>\n<!-- \/ Yoast SEO plugin. -->","yoast_head_json":{"title":"Senderismo con un prop\u00f3sito - El Camino de Costa Rica","robots":{"index":"index","follow":"follow","max-snippet":"max-snippet:-1","max-image-preview":"max-image-preview:large","max-video-preview":"max-video-preview:-1"},"canonical":"https:\/\/caminodecostarica.org\/es\/descubre-el-camino\/senderismo-con-proposito\/","og_locale":"es_ES","og_type":"article","og_title":"Senderismo con un prop\u00f3sito - El Camino de Costa Rica","og_description":"Marca la diferencia a cada paso.","og_url":"https:\/\/caminodecostarica.org\/es\/descubre-el-camino\/senderismo-con-proposito\/","og_site_name":"El Camino de Costa Rica","article_publisher":"https:\/\/www.facebook.com\/ElCaminoDeCostaRica","article_modified_time":"2025-03-22T22:42:07+00:00","og_image":[{"width":1280,"height":960,"url":"https:\/\/caminodecostarica.org\/wp-content\/uploads\/2025\/02\/header-hikeWithPupose-opcion-01.jpg","type":"image\/jpeg"}],"twitter_card":"summary_large_image","twitter_misc":{"Tiempo de lectura":"1 minuto"},"schema":{"@context":"https:\/\/schema.org","@graph":[{"@type":"WebPage","@id":"https:\/\/caminodecostarica.org\/es\/descubre-el-camino\/senderismo-con-proposito\/","url":"https:\/\/caminodecostarica.org\/es\/descubre-el-camino\/senderismo-con-proposito\/","name":"Senderismo con un prop\u00f3sito - El Camino de Costa Rica","isPartOf":{"@id":"https:\/\/caminodecostarica.org\/es\/#website"},"primaryImageOfPage":{"@id":"https:\/\/caminodecostarica.org\/es\/descubre-el-camino\/senderismo-con-proposito\/#primaryimage"},"image":{"@id":"https:\/\/caminodecostarica.org\/es\/descubre-el-camino\/senderismo-con-proposito\/#primaryimage"},"thumbnailUrl":"https:\/\/caminodecostarica.org\/wp-content\/uploads\/2025\/02\/header-hikeWithPupose-opcion-01.jpg","datePublished":"2024-02-11T17:38:16+00:00","dateModified":"2025-03-22T22:42:07+00:00","breadcrumb":{"@id":"https:\/\/caminodecostarica.org\/es\/descubre-el-camino\/senderismo-con-proposito\/#breadcrumb"},"inLanguage":"es","potentialAction":[{"@type":"ReadAction","target":["https:\/\/caminodecostarica.org\/es\/descubre-el-camino\/senderismo-con-proposito\/"]}]},{"@type":"ImageObject","inLanguage":"es","@id":"https:\/\/caminodecostarica.org\/es\/descubre-el-camino\/senderismo-con-proposito\/#primaryimage","url":"https:\/\/caminodecostarica.org\/wp-content\/uploads\/2025\/02\/header-hikeWithPupose-opcion-01.jpg","contentUrl":"https:\/\/caminodecostarica.org\/wp-content\/uploads\/2025\/02\/header-hikeWithPupose-opcion-01.jpg","width":1280,"height":960},{"@type":"BreadcrumbList","@id":"https:\/\/caminodecostarica.org\/es\/descubre-el-camino\/senderismo-con-proposito\/#breadcrumb","itemListElement":[{"@type":"ListItem","position":1,"name":"Home","item":"https:\/\/caminodecostarica.org\/es\/"},{"@type":"ListItem","position":2,"name":"Descubre El Camino","item":"https:\/\/caminodecostarica.org\/es\/descubre-el-camino\/"},{"@type":"ListItem","position":3,"name":"Senderismo con un prop\u00f3sito"}]},{"@type":"WebSite","@id":"https:\/\/caminodecostarica.org\/es\/#website","url":"https:\/\/caminodecostarica.org\/es\/","name":"El Camino de Costa Rica","description":"Del Atl\u00e1ntico al Pac\u00edfico","publisher":{"@id":"https:\/\/caminodecostarica.org\/es\/#organization"},"alternateName":"ECCR","potentialAction":[{"@type":"SearchAction","target":{"@type":"EntryPoint","urlTemplate":"https:\/\/caminodecostarica.org\/es\/?s={search_term_string}"},"query-input":{"@type":"PropertyValueSpecification","valueRequired":true,"valueName":"search_term_string"}}],"inLanguage":"es"},{"@type":"Organization","@id":"https:\/\/caminodecostarica.org\/es\/#organization","name":"El Camino de Costa Rica","url":"https:\/\/caminodecostarica.org\/es\/","logo":{"@type":"ImageObject","inLanguage":"es","@id":"https:\/\/caminodecostarica.org\/es\/#\/schema\/logo\/image\/","url":"https:\/\/caminodecostarica.org\/wp-content\/uploads\/2025\/07\/logo-ccr.png","contentUrl":"https:\/\/caminodecostarica.org\/wp-content\/uploads\/2025\/07\/logo-ccr.png","width":600,"height":429,"caption":"El Camino de Costa Rica"},"image":{"@id":"https:\/\/caminodecostarica.org\/es\/#\/schema\/logo\/image\/"},"sameAs":["https:\/\/www.facebook.com\/ElCaminoDeCostaRica","https:\/\/www.instagram.com\/elcaminodecostarica\/"]}]}},"mfb_rest_fields":["title","yoast_head","yoast_head_json"],"_links":{"self":[{"href":"https:\/\/caminodecostarica.org\/es\/wp-json\/wp\/v2\/pages\/3189","targetHints":{"allow":["GET"]}}],"collection":[{"href":"https:\/\/caminodecostarica.org\/es\/wp-json\/wp\/v2\/pages"}],"about":[{"href":"https:\/\/caminodecostarica.org\/es\/wp-json\/wp\/v2\/types\/page"}],"author":[{"embeddable":true,"href":"https:\/\/caminodecostarica.org\/es\/wp-json\/wp\/v2\/users\/1"}],"replies":[{"embeddable":true,"href":"https:\/\/caminodecostarica.org\/es\/wp-json\/wp\/v2\/comments?post=3189"}],"version-history":[{"count":6,"href":"https:\/\/caminodecostarica.org\/es\/wp-json\/wp\/v2\/pages\/3189\/revisions"}],"predecessor-version":[{"id":3829,"href":"https:\/\/caminodecostarica.org\/es\/wp-json\/wp\/v2\/pages\/3189\/revisions\/3829"}],"up":[{"embeddable":true,"href":"https:\/\/caminodecostarica.org\/es\/wp-json\/wp\/v2\/pages\/3128"}],"wp:featuredmedia":[{"embeddable":true,"href":"https:\/\/caminodecostarica.org\/es\/wp-json\/wp\/v2\/media\/3114"}],"wp:attachment":[{"href":"https:\/\/caminodecostarica.org\/es\/wp-json\/wp\/v2\/media?parent=3189"}],"curies":[{"name":"wp","href":"https:\/\/api.w.org\/{rel}","templated":true}]}}