{"id":3182,"date":"2024-10-07T16:22:12","date_gmt":"2024-10-07T16:22:12","guid":{"rendered":"https:\/\/caminodecostarica.org\/blog\/"},"modified":"2025-03-30T18:39:16","modified_gmt":"2025-03-30T18:39:16","slug":"blog","status":"publish","type":"page","link":"https:\/\/caminodecostarica.org\/es\/unete-a-nuestra-comunidad\/blog\/","title":{"rendered":"Blog"},"content":{"rendered":"\n<div class=\"wp-block-group alignwide has-global-padding is-layout-constrained wp-block-group-is-layout-constrained\" style=\"padding-bottom:var(--wp--preset--spacing--70)\">\n<p>\u00bfC\u00f3mo es recorrer 280 km de El Camino de Costa Rica? \u00bfQu\u00e9 proyectos se han desarrollado a lo largo de El Camino de Costa Rica? \u00bfQu\u00e9 proyectos futuros se pueden llevar a cabo en las comunidades que dan vida a la ruta?<\/p>\n\n\n\n<p>\u00a1Puedes encontrar la respuesta a estas y muchas m\u00e1s preguntas aqu\u00ed, en nuestro blog! Consulta nuestras publicaciones, escritas por excursionistas, miembros de la Asociaci\u00f3n Mar a Mar y colaboradores de la misi\u00f3n de El Camino de Costa Rica.<\/p>\n<\/div>\n\n\n\n<div class=\"wp-block-group alignfull bg__top-left-right has-secondary-background-color has-background has-global-padding is-layout-constrained wp-block-group-is-layout-constrained\" style=\"margin-top:0;margin-bottom:0;padding-top:var(--wp--preset--spacing--70);padding-bottom:var(--wp--preset--spacing--70)\">\n<div class=\"wp-block-query alignwide ccr__post__query-loop is-layout-flow wp-block-query-is-layout-flow\"><ul class=\"columns-3 alignwide wp-block-post-template has-background has-transparent-background-color is-layout-grid wp-container-core-post-template-is-layout-6d3fbd8f wp-block-post-template-is-layout-grid\"><li class=\"wp-block-post post-3716 post type-post status-publish format-standard has-post-thumbnail hentry category-eccr-en-la-prensa tag-pagina-web tag-periodico tag-revista\">\n\n<article class=\"wp-block-group ccr__card-post has-border-color has-contrast-border-color has-base-background-color has-background is-layout-flow wp-block-group-is-layout-flow\" style=\"border-width:1px;border-radius:10px;padding-top:0;padding-right:0;padding-bottom:0;padding-left:0\"><figure style=\"aspect-ratio:3\/2; padding-top:0;padding-bottom:0;margin-top:0;margin-bottom:0;margin-left:0;margin-right:0;\" class=\"wp-block-post-featured-image\"><a href=\"https:\/\/caminodecostarica.org\/es\/el-camino-de-costa-rica-en-la-prensa-2020-a-2024\/\" target=\"_self\"  ><img loading=\"lazy\" decoding=\"async\" width=\"2560\" height=\"1059\" src=\"https:\/\/caminodecostarica.org\/wp-content\/uploads\/2024\/09\/BlogPost3-Articulo-08-scaled.jpg\" class=\"attachment-post-thumbnail size-post-thumbnail wp-post-image\" alt=\"El Camino de Costa Rica en la prensa, 2020 a 2024\" style=\"width:100%;height:100%;object-fit:cover;\" srcset=\"https:\/\/caminodecostarica.org\/wp-content\/uploads\/2024\/09\/BlogPost3-Articulo-08-scaled.jpg 2560w, https:\/\/caminodecostarica.org\/wp-content\/uploads\/2024\/09\/BlogPost3-Articulo-08-300x124.jpg 300w, https:\/\/caminodecostarica.org\/wp-content\/uploads\/2024\/09\/BlogPost3-Articulo-08-1024x424.jpg 1024w, https:\/\/caminodecostarica.org\/wp-content\/uploads\/2024\/09\/BlogPost3-Articulo-08-768x318.jpg 768w, https:\/\/caminodecostarica.org\/wp-content\/uploads\/2024\/09\/BlogPost3-Articulo-08-1536x636.jpg 1536w, https:\/\/caminodecostarica.org\/wp-content\/uploads\/2024\/09\/BlogPost3-Articulo-08-2048x848.jpg 2048w\" sizes=\"auto, (max-width: 2560px) 100vw, 2560px\" \/><\/a><\/figure>\n\n\n<div class=\"wp-block-group has-global-padding is-layout-constrained wp-container-core-group-is-layout-fc3172a5 wp-block-group-is-layout-constrained\" style=\"margin-top:0;margin-bottom:0;padding-top:var(--wp--preset--spacing--40);padding-right:var(--wp--preset--spacing--40);padding-bottom:var(--wp--preset--spacing--40);padding-left:var(--wp--preset--spacing--40)\"><h2 style=\"margin-bottom:0;margin-top:0;\" class=\"wp-block-post-title has-medium-font-size\"><a href=\"https:\/\/caminodecostarica.org\/es\/el-camino-de-costa-rica-en-la-prensa-2020-a-2024\/\" target=\"_self\" >El Camino de Costa Rica en la prensa, 2020 a 2024<\/a><\/h2>\n\n<div style=\"margin-top:0;\" class=\"has-link-color wp-elements-cb161973a94da387e9d90834a7b2137d wp-block-post-date has-text-color has-contrast-color\"><time datetime=\"2024-09-29T23:37:40-06:00\">septiembre 29, 2024<\/time><\/div>\n\n<div class=\"wp-block-post-excerpt has-small-font-size\"><p class=\"wp-block-post-excerpt__excerpt\">Desde su inicio, El Camino de Costa Rica ha atra\u00eddo mucha atenci\u00f3n de los medios de comunicaci\u00f3n, no s\u00f3lo por su concepto, sino por su impacto. He aqu\u00ed un resumen de las publicaciones entre 2020 y 2024.<\/p><p class=\"wp-block-post-excerpt__more-text\"><a class=\"wp-block-post-excerpt__more-link\" href=\"https:\/\/caminodecostarica.org\/es\/el-camino-de-costa-rica-en-la-prensa-2020-a-2024\/\">Leer m\u00e1s<\/a><\/p><\/div><\/div>\n<\/article>\n\n<\/li><li class=\"wp-block-post post-3199 post type-post status-publish format-standard has-post-thumbnail hentry category-bitacora-de-viaje tag-caminata-de-larga-distancia tag-costa-rica-es tag-excursionista\">\n\n<article class=\"wp-block-group ccr__card-post has-border-color has-contrast-border-color has-base-background-color has-background is-layout-flow wp-block-group-is-layout-flow\" style=\"border-width:1px;border-radius:10px;padding-top:0;padding-right:0;padding-bottom:0;padding-left:0\"><figure style=\"aspect-ratio:3\/2; padding-top:0;padding-bottom:0;margin-top:0;margin-bottom:0;margin-left:0;margin-right:0;\" class=\"wp-block-post-featured-image\"><a href=\"https:\/\/caminodecostarica.org\/es\/2022-informe-de-viaje-de-el-camino-de-costa-rica\/\" target=\"_self\"  ><img loading=\"lazy\" decoding=\"async\" width=\"1090\" height=\"814\" src=\"https:\/\/caminodecostarica.org\/wp-content\/uploads\/2024\/09\/blogpost2-26.jpg\" class=\"attachment-post-thumbnail size-post-thumbnail wp-post-image\" alt=\"2022 Informe de viaje de El Camino de Costa Rica\" style=\"width:100%;height:100%;object-fit:cover;\" srcset=\"https:\/\/caminodecostarica.org\/wp-content\/uploads\/2024\/09\/blogpost2-26.jpg 1090w, https:\/\/caminodecostarica.org\/wp-content\/uploads\/2024\/09\/blogpost2-26-300x224.jpg 300w, https:\/\/caminodecostarica.org\/wp-content\/uploads\/2024\/09\/blogpost2-26-1024x765.jpg 1024w, https:\/\/caminodecostarica.org\/wp-content\/uploads\/2024\/09\/blogpost2-26-768x574.jpg 768w\" sizes=\"auto, (max-width: 1090px) 100vw, 1090px\" \/><\/a><\/figure>\n\n\n<div class=\"wp-block-group has-global-padding is-layout-constrained wp-container-core-group-is-layout-fc3172a5 wp-block-group-is-layout-constrained\" style=\"margin-top:0;margin-bottom:0;padding-top:var(--wp--preset--spacing--40);padding-right:var(--wp--preset--spacing--40);padding-bottom:var(--wp--preset--spacing--40);padding-left:var(--wp--preset--spacing--40)\"><h2 style=\"margin-bottom:0;margin-top:0;\" class=\"wp-block-post-title has-medium-font-size\"><a href=\"https:\/\/caminodecostarica.org\/es\/2022-informe-de-viaje-de-el-camino-de-costa-rica\/\" target=\"_self\" >2022 Informe de viaje de El Camino de Costa Rica<\/a><\/h2>\n\n<div style=\"margin-top:0;\" class=\"has-link-color wp-elements-cb161973a94da387e9d90834a7b2137d wp-block-post-date has-text-color has-contrast-color\"><time datetime=\"2024-09-29T20:43:14-06:00\">septiembre 29, 2024<\/time><\/div>\n\n<div class=\"wp-block-post-excerpt has-small-font-size\"><p class=\"wp-block-post-excerpt__excerpt\">Descripci\u00f3n d\u00eda a d\u00eda de un grupo de amigos que recorrieron El Camino de Costa Rica en abril de 2022.<\/p><p class=\"wp-block-post-excerpt__more-text\"><a class=\"wp-block-post-excerpt__more-link\" href=\"https:\/\/caminodecostarica.org\/es\/2022-informe-de-viaje-de-el-camino-de-costa-rica\/\">Leer m\u00e1s<\/a><\/p><\/div><\/div>\n<\/article>\n\n<\/li><li class=\"wp-block-post post-3197 post type-post status-publish format-standard has-post-thumbnail hentry category-bitacora-de-viaje tag-caminata-de-larga-distancia tag-costa-rica-es tag-excursionista tag-reino-unido\">\n\n<article class=\"wp-block-group ccr__card-post has-border-color has-contrast-border-color has-base-background-color has-background is-layout-flow wp-block-group-is-layout-flow\" style=\"border-width:1px;border-radius:10px;padding-top:0;padding-right:0;padding-bottom:0;padding-left:0\"><figure style=\"aspect-ratio:3\/2; padding-top:0;padding-bottom:0;margin-top:0;margin-bottom:0;margin-left:0;margin-right:0;\" class=\"wp-block-post-featured-image\"><a href=\"https:\/\/caminodecostarica.org\/es\/un-ingles-recorre-el-camino-de-costa-rica\/\" target=\"_self\"  ><img loading=\"lazy\" decoding=\"async\" width=\"885\" height=\"715\" src=\"https:\/\/caminodecostarica.org\/wp-content\/uploads\/2024\/09\/blogpost1-05-featured.jpg\" class=\"attachment-post-thumbnail size-post-thumbnail wp-post-image\" alt=\"Un ingl\u00e9s recorre El Camino de Costa Rica\" style=\"width:100%;height:100%;object-fit:cover;\" srcset=\"https:\/\/caminodecostarica.org\/wp-content\/uploads\/2024\/09\/blogpost1-05-featured.jpg 885w, https:\/\/caminodecostarica.org\/wp-content\/uploads\/2024\/09\/blogpost1-05-featured-300x242.jpg 300w, https:\/\/caminodecostarica.org\/wp-content\/uploads\/2024\/09\/blogpost1-05-featured-768x620.jpg 768w\" sizes=\"auto, (max-width: 885px) 100vw, 885px\" \/><\/a><\/figure>\n\n\n<div class=\"wp-block-group has-global-padding is-layout-constrained wp-container-core-group-is-layout-fc3172a5 wp-block-group-is-layout-constrained\" style=\"margin-top:0;margin-bottom:0;padding-top:var(--wp--preset--spacing--40);padding-right:var(--wp--preset--spacing--40);padding-bottom:var(--wp--preset--spacing--40);padding-left:var(--wp--preset--spacing--40)\"><h2 style=\"margin-bottom:0;margin-top:0;\" class=\"wp-block-post-title has-medium-font-size\"><a href=\"https:\/\/caminodecostarica.org\/es\/un-ingles-recorre-el-camino-de-costa-rica\/\" target=\"_self\" >Un ingl\u00e9s recorre El Camino de Costa Rica<\/a><\/h2>\n\n<div style=\"margin-top:0;\" class=\"has-link-color wp-elements-cb161973a94da387e9d90834a7b2137d wp-block-post-date has-text-color has-contrast-color\"><time datetime=\"2024-09-29T19:29:00-06:00\">septiembre 29, 2024<\/time><\/div>\n\n<div class=\"wp-block-post-excerpt has-small-font-size\"><p class=\"wp-block-post-excerpt__excerpt\">Este diario de viaje profundiza en la experiencia de un excursionista del Reino Unido mientras recorre El Camino de Costa Rica.<\/p><p class=\"wp-block-post-excerpt__more-text\"><a class=\"wp-block-post-excerpt__more-link\" href=\"https:\/\/caminodecostarica.org\/es\/un-ingles-recorre-el-camino-de-costa-rica\/\">Leer m\u00e1s<\/a><\/p><\/div><\/div>\n<\/article>\n\n<\/li><\/ul>\n\n\n\n<\/div>\n<\/div>\n\n\n\n<div class=\"wp-block-group alignfull has-yellow-light-background-color has-text-color has-background is-layout-flow wp-block-group-is-layout-flow\" style=\"color:#000000;margin-top:0;margin-bottom:0;padding-top:var(--wp--preset--spacing--60);padding-bottom:var(--wp--preset--spacing--60)\">\n<div class=\"wp-block-group has-global-padding is-layout-constrained wp-block-group-is-layout-constrained\">\n<p class=\"has-text-align-center\">Nuestros excursionistas apoyan la conservaci\u00f3n sostenible y los viajes en el coraz\u00f3n de Costa Rica visitando a nuestros empresarios rurales, difundiendo El Camino de Costa Rica, haciendo donaciones y recaudando fondos.  <\/p>\n<\/div>\n\n\n\n<div class=\"wp-block-buttons is-horizontal is-content-justification-center is-layout-flex wp-container-core-buttons-is-layout-03627597 wp-block-buttons-is-layout-flex\">\n<div class=\"wp-block-button has-custom-width wp-block-button__width-75 is-style-fill\"><a class=\"wp-block-button__link has-red-dark-background-color has-text-color has-background has-medium-font-size has-custom-font-size wp-element-button\" href=\"https:\/\/caminodecostarica.org\/es\/unete-a-nuestra-comunidad\/\" style=\"border-radius:10px;color:#ffffff\"><strong>\u00danete a nuestra comunidad internacional<\/strong><\/a><\/div>\n<\/div>\n<\/div>\n","protected":false},"excerpt":{"rendered":"<p>Testimonios de impacto  <\/p>\n","protected":false},"author":1,"featured_media":3022,"parent":3187,"menu_order":0,"comment_status":"closed","ping_status":"closed","template":"single-page","meta":{"_acf_changed":false,"footnotes":""},"class_list":["post-3182","page","type-page","status-publish","has-post-thumbnail","hentry"],"acf":[],"mb":[],"yoast_head":"<!-- This site is optimized with the Yoast SEO plugin v25.4 - https:\/\/yoast.com\/wordpress\/plugins\/seo\/ -->\n<title>Blog - El Camino de Costa Rica<\/title>\n<meta name=\"robots\" content=\"index, follow, max-snippet:-1, max-image-preview:large, max-video-preview:-1\" \/>\n<link rel=\"canonical\" href=\"https:\/\/caminodecostarica.org\/es\/unete-a-nuestra-comunidad\/blog\/\" \/>\n<meta property=\"og:locale\" content=\"es_ES\" \/>\n<meta property=\"og:type\" content=\"article\" \/>\n<meta property=\"og:title\" content=\"Blog - El Camino de Costa Rica\" \/>\n<meta property=\"og:description\" content=\"Testimonios de impacto\" \/>\n<meta property=\"og:url\" content=\"https:\/\/caminodecostarica.org\/es\/unete-a-nuestra-comunidad\/blog\/\" \/>\n<meta property=\"og:site_name\" content=\"El Camino de Costa Rica\" \/>\n<meta property=\"article:publisher\" content=\"https:\/\/www.facebook.com\/ElCaminoDeCostaRica\" \/>\n<meta property=\"article:modified_time\" content=\"2025-03-30T18:39:16+00:00\" \/>\n<meta property=\"og:image\" content=\"https:\/\/caminodecostarica.org\/wp-content\/uploads\/2024\/10\/blog-header-1.jpg\" \/>\n\t<meta property=\"og:image:width\" content=\"1280\" \/>\n\t<meta property=\"og:image:height\" content=\"720\" \/>\n\t<meta property=\"og:image:type\" content=\"image\/jpeg\" \/>\n<meta name=\"twitter:card\" content=\"summary_large_image\" \/>\n<script type=\"application\/ld+json\" class=\"yoast-schema-graph\">{\"@context\":\"https:\/\/schema.org\",\"@graph\":[{\"@type\":\"WebPage\",\"@id\":\"https:\/\/caminodecostarica.org\/es\/unete-a-nuestra-comunidad\/blog\/\",\"url\":\"https:\/\/caminodecostarica.org\/es\/unete-a-nuestra-comunidad\/blog\/\",\"name\":\"Blog - El Camino de Costa Rica\",\"isPartOf\":{\"@id\":\"https:\/\/caminodecostarica.org\/es\/#website\"},\"primaryImageOfPage\":{\"@id\":\"https:\/\/caminodecostarica.org\/es\/unete-a-nuestra-comunidad\/blog\/#primaryimage\"},\"image\":{\"@id\":\"https:\/\/caminodecostarica.org\/es\/unete-a-nuestra-comunidad\/blog\/#primaryimage\"},\"thumbnailUrl\":\"https:\/\/caminodecostarica.org\/wp-content\/uploads\/2024\/10\/blog-header-1.jpg\",\"datePublished\":\"2024-10-07T16:22:12+00:00\",\"dateModified\":\"2025-03-30T18:39:16+00:00\",\"breadcrumb\":{\"@id\":\"https:\/\/caminodecostarica.org\/es\/unete-a-nuestra-comunidad\/blog\/#breadcrumb\"},\"inLanguage\":\"es\",\"potentialAction\":[{\"@type\":\"ReadAction\",\"target\":[\"https:\/\/caminodecostarica.org\/es\/unete-a-nuestra-comunidad\/blog\/\"]}]},{\"@type\":\"ImageObject\",\"inLanguage\":\"es\",\"@id\":\"https:\/\/caminodecostarica.org\/es\/unete-a-nuestra-comunidad\/blog\/#primaryimage\",\"url\":\"https:\/\/caminodecostarica.org\/wp-content\/uploads\/2024\/10\/blog-header-1.jpg\",\"contentUrl\":\"https:\/\/caminodecostarica.org\/wp-content\/uploads\/2024\/10\/blog-header-1.jpg\",\"width\":1280,\"height\":720},{\"@type\":\"BreadcrumbList\",\"@id\":\"https:\/\/caminodecostarica.org\/es\/unete-a-nuestra-comunidad\/blog\/#breadcrumb\",\"itemListElement\":[{\"@type\":\"ListItem\",\"position\":1,\"name\":\"Home\",\"item\":\"https:\/\/caminodecostarica.org\/es\/\"},{\"@type\":\"ListItem\",\"position\":2,\"name\":\"\u00danete a nuestra comunidad\",\"item\":\"https:\/\/caminodecostarica.org\/es\/unete-a-nuestra-comunidad\/\"},{\"@type\":\"ListItem\",\"position\":3,\"name\":\"Blog\"}]},{\"@type\":\"WebSite\",\"@id\":\"https:\/\/caminodecostarica.org\/es\/#website\",\"url\":\"https:\/\/caminodecostarica.org\/es\/\",\"name\":\"El Camino de Costa Rica\",\"description\":\"Del Atl\u00e1ntico al Pac\u00edfico\",\"publisher\":{\"@id\":\"https:\/\/caminodecostarica.org\/es\/#organization\"},\"alternateName\":\"ECCR\",\"potentialAction\":[{\"@type\":\"SearchAction\",\"target\":{\"@type\":\"EntryPoint\",\"urlTemplate\":\"https:\/\/caminodecostarica.org\/es\/?s={search_term_string}\"},\"query-input\":{\"@type\":\"PropertyValueSpecification\",\"valueRequired\":true,\"valueName\":\"search_term_string\"}}],\"inLanguage\":\"es\"},{\"@type\":\"Organization\",\"@id\":\"https:\/\/caminodecostarica.org\/es\/#organization\",\"name\":\"El Camino de Costa Rica\",\"url\":\"https:\/\/caminodecostarica.org\/es\/\",\"logo\":{\"@type\":\"ImageObject\",\"inLanguage\":\"es\",\"@id\":\"https:\/\/caminodecostarica.org\/es\/#\/schema\/logo\/image\/\",\"url\":\"https:\/\/caminodecostarica.org\/wp-content\/uploads\/2025\/07\/logo-ccr.png\",\"contentUrl\":\"https:\/\/caminodecostarica.org\/wp-content\/uploads\/2025\/07\/logo-ccr.png\",\"width\":600,\"height\":429,\"caption\":\"El Camino de Costa Rica\"},\"image\":{\"@id\":\"https:\/\/caminodecostarica.org\/es\/#\/schema\/logo\/image\/\"},\"sameAs\":[\"https:\/\/www.facebook.com\/ElCaminoDeCostaRica\",\"https:\/\/www.instagram.com\/elcaminodecostarica\/\"]}]}<\/script>\n<!-- \/ Yoast SEO plugin. -->","yoast_head_json":{"title":"Blog - El Camino de Costa Rica","robots":{"index":"index","follow":"follow","max-snippet":"max-snippet:-1","max-image-preview":"max-image-preview:large","max-video-preview":"max-video-preview:-1"},"canonical":"https:\/\/caminodecostarica.org\/es\/unete-a-nuestra-comunidad\/blog\/","og_locale":"es_ES","og_type":"article","og_title":"Blog - El Camino de Costa Rica","og_description":"Testimonios de impacto","og_url":"https:\/\/caminodecostarica.org\/es\/unete-a-nuestra-comunidad\/blog\/","og_site_name":"El Camino de Costa Rica","article_publisher":"https:\/\/www.facebook.com\/ElCaminoDeCostaRica","article_modified_time":"2025-03-30T18:39:16+00:00","og_image":[{"width":1280,"height":720,"url":"https:\/\/caminodecostarica.org\/wp-content\/uploads\/2024\/10\/blog-header-1.jpg","type":"image\/jpeg"}],"twitter_card":"summary_large_image","schema":{"@context":"https:\/\/schema.org","@graph":[{"@type":"WebPage","@id":"https:\/\/caminodecostarica.org\/es\/unete-a-nuestra-comunidad\/blog\/","url":"https:\/\/caminodecostarica.org\/es\/unete-a-nuestra-comunidad\/blog\/","name":"Blog - El Camino de Costa Rica","isPartOf":{"@id":"https:\/\/caminodecostarica.org\/es\/#website"},"primaryImageOfPage":{"@id":"https:\/\/caminodecostarica.org\/es\/unete-a-nuestra-comunidad\/blog\/#primaryimage"},"image":{"@id":"https:\/\/caminodecostarica.org\/es\/unete-a-nuestra-comunidad\/blog\/#primaryimage"},"thumbnailUrl":"https:\/\/caminodecostarica.org\/wp-content\/uploads\/2024\/10\/blog-header-1.jpg","datePublished":"2024-10-07T16:22:12+00:00","dateModified":"2025-03-30T18:39:16+00:00","breadcrumb":{"@id":"https:\/\/caminodecostarica.org\/es\/unete-a-nuestra-comunidad\/blog\/#breadcrumb"},"inLanguage":"es","potentialAction":[{"@type":"ReadAction","target":["https:\/\/caminodecostarica.org\/es\/unete-a-nuestra-comunidad\/blog\/"]}]},{"@type":"ImageObject","inLanguage":"es","@id":"https:\/\/caminodecostarica.org\/es\/unete-a-nuestra-comunidad\/blog\/#primaryimage","url":"https:\/\/caminodecostarica.org\/wp-content\/uploads\/2024\/10\/blog-header-1.jpg","contentUrl":"https:\/\/caminodecostarica.org\/wp-content\/uploads\/2024\/10\/blog-header-1.jpg","width":1280,"height":720},{"@type":"BreadcrumbList","@id":"https:\/\/caminodecostarica.org\/es\/unete-a-nuestra-comunidad\/blog\/#breadcrumb","itemListElement":[{"@type":"ListItem","position":1,"name":"Home","item":"https:\/\/caminodecostarica.org\/es\/"},{"@type":"ListItem","position":2,"name":"\u00danete a nuestra comunidad","item":"https:\/\/caminodecostarica.org\/es\/unete-a-nuestra-comunidad\/"},{"@type":"ListItem","position":3,"name":"Blog"}]},{"@type":"WebSite","@id":"https:\/\/caminodecostarica.org\/es\/#website","url":"https:\/\/caminodecostarica.org\/es\/","name":"El Camino de Costa Rica","description":"Del Atl\u00e1ntico al Pac\u00edfico","publisher":{"@id":"https:\/\/caminodecostarica.org\/es\/#organization"},"alternateName":"ECCR","potentialAction":[{"@type":"SearchAction","target":{"@type":"EntryPoint","urlTemplate":"https:\/\/caminodecostarica.org\/es\/?s={search_term_string}"},"query-input":{"@type":"PropertyValueSpecification","valueRequired":true,"valueName":"search_term_string"}}],"inLanguage":"es"},{"@type":"Organization","@id":"https:\/\/caminodecostarica.org\/es\/#organization","name":"El Camino de Costa Rica","url":"https:\/\/caminodecostarica.org\/es\/","logo":{"@type":"ImageObject","inLanguage":"es","@id":"https:\/\/caminodecostarica.org\/es\/#\/schema\/logo\/image\/","url":"https:\/\/caminodecostarica.org\/wp-content\/uploads\/2025\/07\/logo-ccr.png","contentUrl":"https:\/\/caminodecostarica.org\/wp-content\/uploads\/2025\/07\/logo-ccr.png","width":600,"height":429,"caption":"El Camino de Costa Rica"},"image":{"@id":"https:\/\/caminodecostarica.org\/es\/#\/schema\/logo\/image\/"},"sameAs":["https:\/\/www.facebook.com\/ElCaminoDeCostaRica","https:\/\/www.instagram.com\/elcaminodecostarica\/"]}]}},"mfb_rest_fields":["title","yoast_head","yoast_head_json"],"_links":{"self":[{"href":"https:\/\/caminodecostarica.org\/es\/wp-json\/wp\/v2\/pages\/3182","targetHints":{"allow":["GET"]}}],"collection":[{"href":"https:\/\/caminodecostarica.org\/es\/wp-json\/wp\/v2\/pages"}],"about":[{"href":"https:\/\/caminodecostarica.org\/es\/wp-json\/wp\/v2\/types\/page"}],"author":[{"embeddable":true,"href":"https:\/\/caminodecostarica.org\/es\/wp-json\/wp\/v2\/users\/1"}],"replies":[{"embeddable":true,"href":"https:\/\/caminodecostarica.org\/es\/wp-json\/wp\/v2\/comments?post=3182"}],"version-history":[{"count":3,"href":"https:\/\/caminodecostarica.org\/es\/wp-json\/wp\/v2\/pages\/3182\/revisions"}],"predecessor-version":[{"id":3959,"href":"https:\/\/caminodecostarica.org\/es\/wp-json\/wp\/v2\/pages\/3182\/revisions\/3959"}],"up":[{"embeddable":true,"href":"https:\/\/caminodecostarica.org\/es\/wp-json\/wp\/v2\/pages\/3187"}],"wp:featuredmedia":[{"embeddable":true,"href":"https:\/\/caminodecostarica.org\/es\/wp-json\/wp\/v2\/media\/3022"}],"wp:attachment":[{"href":"https:\/\/caminodecostarica.org\/es\/wp-json\/wp\/v2\/media?parent=3182"}],"curies":[{"name":"wp","href":"https:\/\/api.w.org\/{rel}","templated":true}]}}