{"id":3173,"date":"2024-11-22T21:50:33","date_gmt":"2024-11-22T21:50:33","guid":{"rendered":"https:\/\/caminodecostarica.org\/asociate-con-nosotros\/"},"modified":"2025-03-22T23:06:02","modified_gmt":"2025-03-22T23:06:02","slug":"asociate-con-nosotros","status":"publish","type":"page","link":"https:\/\/caminodecostarica.org\/es\/sobre-nosotros\/asociate-con-nosotros\/","title":{"rendered":"As\u00f3ciate con nosotros"},"content":{"rendered":"\n<p>Para tu empresa, asociarse con nosotros representa la oportunidad de formar parte de una iniciativa \u00fanica que combina turismo sostenible y desarrollo comunitario. Al invertir en Mar a Mar, no s\u00f3lo puedes percibir el impacto social directo de tu apoyo en las comunidades locales, sino que tambi\u00e9n pasas a formar parte de un grupo comprometido con el turismo responsable y la sostenibilidad empresarial.   <\/p>\n\n<p>Los beneficios incluyen:<\/p>\n\n<ul class=\"wp-block-list\">\n<li>Visibilidad de la marca en plataformas digitales.<\/li>\n\n\n\n<li>Acceso a informes de impacto que muestran c\u00f3mo tu inversi\u00f3n est\u00e1 transformando las comunidades.<\/li>\n\n\n\n<li>Posicionamiento como empresa de apoyo a la biodiversidad y a la conservaci\u00f3n del patrimonio natural de Costa Rica.<\/li>\n<\/ul>\n\n<p>Ponte en contacto con nosotros en <a href=\"mailto:elcaminodecostarica@gmail.com\">elcaminodecostarica@gmail.com<\/a> para saber m\u00e1s sobre c\u00f3mo tu organizaci\u00f3n puede asociarse con El Camino de Costa Rica.<\/p>\n\n<div class=\"wp-block-group alignfull has-yellow-light-background-color has-text-color has-background is-layout-flow wp-block-group-is-layout-flow\" style=\"color:#000000;margin-top:var(--wp--preset--spacing--60);margin-bottom:0;padding-top:var(--wp--preset--spacing--60);padding-bottom:var(--wp--preset--spacing--60)\">\n<div class=\"wp-block-group alignwide is-layout-flow wp-block-group-is-layout-flow\">\n<p class=\"has-text-align-center\">Nuestro sendero crea puestos de trabajo, desarrolla la capacidad local, proporciona educaci\u00f3n medioambiental y mucho m\u00e1s. Obt\u00e9n m\u00e1s informaci\u00f3n sobre c\u00f3mo la Asociaci\u00f3n Mar a Mar conecta no s\u00f3lo dos costas, sino tambi\u00e9n una vibrante red de desarrollo comunitario sostenible en el coraz\u00f3n mismo de la Costa Rica rural. <\/p>\n<\/div>\n\n\n\n<div class=\"wp-block-buttons is-horizontal is-content-justification-center is-layout-flex wp-container-core-buttons-is-layout-03627597 wp-block-buttons-is-layout-flex\">\n<div class=\"wp-block-button has-custom-width wp-block-button__width-75 has-custom-font-size is-style-fill has-medium-font-size\"><a class=\"wp-block-button__link has-red-dark-background-color has-text-color has-background wp-element-button\" href=\"https:\/\/caminodecostarica.org\/es\/sobre-nosotros\/\" style=\"border-radius:10px;color:#ffffff\">Sobre nosotros<\/a><\/div>\n<\/div>\n<\/div>\n\n<section class=\"wp-block-group alignfull has-base-background-color has-background has-small-font-size has-global-padding is-layout-constrained wp-block-group-is-layout-constrained\" style=\"margin-bottom:var(--wp--preset--spacing--70)\">\n<h2 class=\"wp-block-heading has-text-align-center alignwide\" style=\"margin-bottom:var(--wp--preset--spacing--60);line-height:1.3\">Conoce algunos de los apasionantes proyectos que hemos llevado a cabo en colaboraci\u00f3n con empresas y organizaciones aliadas:<\/h2>\n\n\n\n<div class=\"wp-block-stackable-divider alignwide stk-block-divider stk-block stk-e9421d5\" data-block-id=\"e9421d5\"><style>.stk-e9421d5 hr.stk-block-divider__hr{background:#bd3037 !important;width:100% !important;}<\/style><hr class=\"stk-block-divider__hr\"\/><\/div>\n\n\n\n<div class=\"wp-block-group alignwide ccr__grid__subgrid-image is-layout-grid wp-container-core-group-is-layout-988b637e wp-block-group-is-layout-grid\">\n<div class=\"wp-block-group has-global-padding is-layout-constrained wp-block-group-is-layout-constrained\">\n<figure class=\"wp-block-image aligncenter size-medium is-resized\"><img loading=\"lazy\" decoding=\"async\" width=\"300\" height=\"300\" src=\"https:\/\/caminodecostarica.org\/wp-content\/uploads\/2024\/11\/partner-usembassy-300x300.png\" alt=\"Logotipo de la Embajada de Estados Unidos en San Jos&#xE9;\" class=\"wp-image-1921\" style=\"width:172px;height:auto\" srcset=\"https:\/\/caminodecostarica.org\/wp-content\/uploads\/2024\/11\/partner-usembassy-300x300.png 300w, https:\/\/caminodecostarica.org\/wp-content\/uploads\/2024\/11\/partner-usembassy-150x150.png 150w, https:\/\/caminodecostarica.org\/wp-content\/uploads\/2024\/11\/partner-usembassy.png 600w\" sizes=\"auto, (max-width: 300px) 100vw, 300px\" \/><\/figure>\n\n\n\n<h3 class=\"wp-block-heading has-text-align-center has-medium-font-size\" style=\"line-height:1.3\">Embajada de EE.UU. <br\/>en San Jos\u00e9<\/h3>\n\n\n\n<p class=\"has-small-font-size\">La embajada estadounidense ha concedido subvenciones desde 2021, que han incluido un programa para mujeres empresarias que recibieron capacitaci\u00f3n y capital inicial para poner en marcha microempresas. Tambi\u00e9n han proporcionado fondos para clubes medioambientales extraescolares en escuelas a lo largo de la ruta. Este programa ha reforzado las habilidades STEAM y ha formado a l\u00edderes del futuro para honrar y proteger el medio ambiente en sus respectivas comunidades a lo largo de la ruta.  <\/p>\n<\/div>\n\n\n\n<div class=\"wp-block-group has-global-padding is-layout-constrained wp-block-group-is-layout-constrained\">\n<figure class=\"wp-block-image aligncenter size-full is-resized\"><img loading=\"lazy\" decoding=\"async\" width=\"400\" height=\"146\" src=\"https:\/\/caminodecostarica.org\/wp-content\/uploads\/2024\/11\/partner-dwc.png\" alt=\"\" class=\"wp-image-1919\" style=\"width:300px\" srcset=\"https:\/\/caminodecostarica.org\/wp-content\/uploads\/2024\/11\/partner-dwc.png 400w, https:\/\/caminodecostarica.org\/wp-content\/uploads\/2024\/11\/partner-dwc-300x110.png 300w\" sizes=\"auto, (max-width: 400px) 100vw, 400px\" \/><\/figure>\n\n\n\n<h3 class=\"wp-block-heading has-text-align-center has-medium-font-size\" style=\"line-height:1.3\">Conexiones con el Mundo en Desarrollo (CMD)  <\/h3>\n\n\n\n<p class=\"has-small-font-size\">DWC es un socio internacional que trabaja con Mar a Mar desde 2019. Juntos hemos abordado con \u00e9xito las necesidades b\u00e1sicas de las comunidades m\u00e1s vulnerables a lo largo de la ruta, en particular, la necesidad de agua potable. Juntos hemos mejorado la infraestructura de dos dispensarios m\u00e9dicos. Juntos hemos construido dos campings y ba\u00f1os a disposici\u00f3n de los excursionistas y operados localmente en aldeas ind\u00edgenas.   <\/p>\n<\/div>\n\n\n\n<div class=\"wp-block-group has-global-padding is-layout-constrained wp-block-group-is-layout-constrained\">\n<figure class=\"wp-block-image aligncenter size-full\"><img loading=\"lazy\" decoding=\"async\" width=\"300\" height=\"96\" src=\"https:\/\/caminodecostarica.org\/wp-content\/uploads\/2024\/11\/partner-ict.png\" alt=\"\" class=\"wp-image-1920\"\/><\/figure>\n\n\n\n<h3 class=\"wp-block-heading has-text-align-center has-medium-font-size\" style=\"line-height:1.3\">El Instituto Costarricense de Turismo (ICT) <br\/><\/h3>\n\n\n\n<p>ICT ha sido socio desde la apertura de la ruta en 2018, promocionando el Camino de Costa Rica en Europa y Norteam\u00e9rica. Esto ha dado lugar a publicaciones estrat\u00e9gicas en renombrados medios europeos de viajes de aventura y en National Geographic, y m\u00e1s notablemente, en The New York Times. Adem\u00e1s, han contribuido a la se\u00f1alizaci\u00f3n a lo largo de la ruta.  <\/p>\n<\/div>\n<\/div>\n<\/section>\n\n<section class=\"wp-block-group alignwide has-global-padding is-layout-constrained wp-block-group-is-layout-constrained\" style=\"margin-top:var(--wp--preset--spacing--60);margin-bottom:var(--wp--preset--spacing--70)\">\n<div class=\"wp-block-stackable-divider alignwide stk-block-divider stk-block stk-1b4ff76\" data-block-id=\"1b4ff76\"><style>.stk-1b4ff76 hr.stk-block-divider__hr{background:#bd3037 !important;width:100% !important;}.stk-1b4ff76 {margin-bottom:0px !important;}<\/style><hr class=\"stk-block-divider__hr\"\/><\/div>\n\n\n\n<h2 class=\"wp-block-heading has-text-align-center\" style=\"margin-top:var(--wp--preset--spacing--60)\">Otros socios<\/h2>\n\n\n\n<figure class=\"wp-block-gallery alignwide has-nested-images columns-4 is-cropped wp-block-gallery-1 is-layout-flex wp-block-gallery-is-layout-flex\">\n<figure class=\"wp-block-image size-full\"><img loading=\"lazy\" decoding=\"async\" width=\"210\" height=\"169\" data-id=\"1956\" src=\"https:\/\/caminodecostarica.org\/wp-content\/uploads\/2024\/11\/partner-amigos.png\" alt=\"Amigos de Costa Rica\" class=\"wp-image-1956\"\/><\/figure>\n\n\n\n<figure class=\"wp-block-image size-full\"><img loading=\"lazy\" decoding=\"async\" width=\"210\" height=\"169\" data-id=\"1957\" src=\"https:\/\/caminodecostarica.org\/wp-content\/uploads\/2024\/11\/partner-catursantos.png\" alt=\"CATURSANTO\" class=\"wp-image-1957\"\/><\/figure>\n\n\n\n<figure class=\"wp-block-image size-full\"><img loading=\"lazy\" decoding=\"async\" width=\"210\" height=\"169\" data-id=\"1958\" src=\"https:\/\/caminodecostarica.org\/wp-content\/uploads\/2024\/11\/partner-crusa.png\" alt=\"CRUSA\" class=\"wp-image-1958\"\/><\/figure>\n\n\n\n<figure class=\"wp-block-image size-full\"><img loading=\"lazy\" decoding=\"async\" width=\"210\" height=\"169\" data-id=\"1959\" src=\"https:\/\/caminodecostarica.org\/wp-content\/uploads\/2024\/11\/partner-minae.png\" alt=\"Ministerio de Medio Ambiente y Energ&#xED;a\" class=\"wp-image-1959\"\/><\/figure>\n<\/figure>\n<\/section>\n","protected":false},"excerpt":{"rendered":"<p>Para tu empresa, asociarse con nosotros representa la oportunidad de formar parte de una iniciativa \u00fanica que combina turismo sostenible y desarrollo comunitario. Al invertir en Mar a Mar, no s\u00f3lo puedes percibir el impacto social directo de tu apoyo en las comunidades locales, sino que tambi\u00e9n pasas a formar parte de un grupo comprometido con el turismo responsable y la sostenibilidad empresarial.   <\/p>\n","protected":false},"author":1,"featured_media":3054,"parent":3288,"menu_order":0,"comment_status":"closed","ping_status":"closed","template":"single-page","meta":{"_acf_changed":false,"footnotes":""},"class_list":["post-3173","page","type-page","status-publish","has-post-thumbnail","hentry"],"acf":[],"mb":[],"yoast_head":"<!-- This site is optimized with the Yoast SEO plugin v25.4 - https:\/\/yoast.com\/wordpress\/plugins\/seo\/ -->\n<title>As\u00f3ciate con nosotros - El Camino de Costa Rica<\/title>\n<meta name=\"robots\" content=\"index, follow, max-snippet:-1, max-image-preview:large, max-video-preview:-1\" \/>\n<link rel=\"canonical\" href=\"https:\/\/caminodecostarica.org\/es\/sobre-nosotros\/asociate-con-nosotros\/\" \/>\n<meta property=\"og:locale\" content=\"es_ES\" \/>\n<meta property=\"og:type\" content=\"article\" \/>\n<meta property=\"og:title\" content=\"As\u00f3ciate con nosotros - El Camino de Costa Rica\" \/>\n<meta property=\"og:description\" content=\"Para tu empresa, asociarse con nosotros representa la oportunidad de formar parte de una iniciativa \u00fanica que combina turismo sostenible y desarrollo comunitario. Al invertir en Mar a Mar, no s\u00f3lo puedes percibir el impacto social directo de tu apoyo en las comunidades locales, sino que tambi\u00e9n pasas a formar parte de un grupo comprometido con el turismo responsable y la sostenibilidad empresarial.\" \/>\n<meta property=\"og:url\" content=\"https:\/\/caminodecostarica.org\/es\/sobre-nosotros\/asociate-con-nosotros\/\" \/>\n<meta property=\"og:site_name\" content=\"El Camino de Costa Rica\" \/>\n<meta property=\"article:publisher\" content=\"https:\/\/www.facebook.com\/ElCaminoDeCostaRica\" \/>\n<meta property=\"article:modified_time\" content=\"2025-03-22T23:06:02+00:00\" \/>\n<meta property=\"og:image\" content=\"https:\/\/caminodecostarica.org\/wp-content\/uploads\/2024\/11\/header-partner.jpg\" \/>\n\t<meta property=\"og:image:width\" content=\"2500\" \/>\n\t<meta property=\"og:image:height\" content=\"1223\" \/>\n\t<meta property=\"og:image:type\" content=\"image\/jpeg\" \/>\n<meta name=\"twitter:card\" content=\"summary_large_image\" \/>\n<meta name=\"twitter:label1\" content=\"Tiempo de lectura\" \/>\n\t<meta name=\"twitter:data1\" content=\"2 minutos\" \/>\n<script type=\"application\/ld+json\" class=\"yoast-schema-graph\">{\"@context\":\"https:\/\/schema.org\",\"@graph\":[{\"@type\":\"WebPage\",\"@id\":\"https:\/\/caminodecostarica.org\/es\/sobre-nosotros\/asociate-con-nosotros\/\",\"url\":\"https:\/\/caminodecostarica.org\/es\/sobre-nosotros\/asociate-con-nosotros\/\",\"name\":\"As\u00f3ciate con nosotros - El Camino de Costa Rica\",\"isPartOf\":{\"@id\":\"https:\/\/caminodecostarica.org\/es\/#website\"},\"primaryImageOfPage\":{\"@id\":\"https:\/\/caminodecostarica.org\/es\/sobre-nosotros\/asociate-con-nosotros\/#primaryimage\"},\"image\":{\"@id\":\"https:\/\/caminodecostarica.org\/es\/sobre-nosotros\/asociate-con-nosotros\/#primaryimage\"},\"thumbnailUrl\":\"https:\/\/caminodecostarica.org\/wp-content\/uploads\/2024\/11\/header-partner.jpg\",\"datePublished\":\"2024-11-22T21:50:33+00:00\",\"dateModified\":\"2025-03-22T23:06:02+00:00\",\"breadcrumb\":{\"@id\":\"https:\/\/caminodecostarica.org\/es\/sobre-nosotros\/asociate-con-nosotros\/#breadcrumb\"},\"inLanguage\":\"es\",\"potentialAction\":[{\"@type\":\"ReadAction\",\"target\":[\"https:\/\/caminodecostarica.org\/es\/sobre-nosotros\/asociate-con-nosotros\/\"]}]},{\"@type\":\"ImageObject\",\"inLanguage\":\"es\",\"@id\":\"https:\/\/caminodecostarica.org\/es\/sobre-nosotros\/asociate-con-nosotros\/#primaryimage\",\"url\":\"https:\/\/caminodecostarica.org\/wp-content\/uploads\/2024\/11\/header-partner.jpg\",\"contentUrl\":\"https:\/\/caminodecostarica.org\/wp-content\/uploads\/2024\/11\/header-partner.jpg\",\"width\":2500,\"height\":1223},{\"@type\":\"BreadcrumbList\",\"@id\":\"https:\/\/caminodecostarica.org\/es\/sobre-nosotros\/asociate-con-nosotros\/#breadcrumb\",\"itemListElement\":[{\"@type\":\"ListItem\",\"position\":1,\"name\":\"Home\",\"item\":\"https:\/\/caminodecostarica.org\/es\/\"},{\"@type\":\"ListItem\",\"position\":2,\"name\":\"Qui\u00e9nes somos\",\"item\":\"https:\/\/caminodecostarica.org\/es\/sobre-nosotros\/\"},{\"@type\":\"ListItem\",\"position\":3,\"name\":\"As\u00f3ciate con nosotros\"}]},{\"@type\":\"WebSite\",\"@id\":\"https:\/\/caminodecostarica.org\/es\/#website\",\"url\":\"https:\/\/caminodecostarica.org\/es\/\",\"name\":\"El Camino de Costa Rica\",\"description\":\"Del Atl\u00e1ntico al Pac\u00edfico\",\"publisher\":{\"@id\":\"https:\/\/caminodecostarica.org\/es\/#organization\"},\"alternateName\":\"ECCR\",\"potentialAction\":[{\"@type\":\"SearchAction\",\"target\":{\"@type\":\"EntryPoint\",\"urlTemplate\":\"https:\/\/caminodecostarica.org\/es\/?s={search_term_string}\"},\"query-input\":{\"@type\":\"PropertyValueSpecification\",\"valueRequired\":true,\"valueName\":\"search_term_string\"}}],\"inLanguage\":\"es\"},{\"@type\":\"Organization\",\"@id\":\"https:\/\/caminodecostarica.org\/es\/#organization\",\"name\":\"El Camino de Costa Rica\",\"url\":\"https:\/\/caminodecostarica.org\/es\/\",\"logo\":{\"@type\":\"ImageObject\",\"inLanguage\":\"es\",\"@id\":\"https:\/\/caminodecostarica.org\/es\/#\/schema\/logo\/image\/\",\"url\":\"https:\/\/caminodecostarica.org\/wp-content\/uploads\/2025\/07\/logo-ccr.png\",\"contentUrl\":\"https:\/\/caminodecostarica.org\/wp-content\/uploads\/2025\/07\/logo-ccr.png\",\"width\":600,\"height\":429,\"caption\":\"El Camino de Costa Rica\"},\"image\":{\"@id\":\"https:\/\/caminodecostarica.org\/es\/#\/schema\/logo\/image\/\"},\"sameAs\":[\"https:\/\/www.facebook.com\/ElCaminoDeCostaRica\",\"https:\/\/www.instagram.com\/elcaminodecostarica\/\"]}]}<\/script>\n<!-- \/ Yoast SEO plugin. -->","yoast_head_json":{"title":"As\u00f3ciate con nosotros - El Camino de Costa Rica","robots":{"index":"index","follow":"follow","max-snippet":"max-snippet:-1","max-image-preview":"max-image-preview:large","max-video-preview":"max-video-preview:-1"},"canonical":"https:\/\/caminodecostarica.org\/es\/sobre-nosotros\/asociate-con-nosotros\/","og_locale":"es_ES","og_type":"article","og_title":"As\u00f3ciate con nosotros - El Camino de Costa Rica","og_description":"Para tu empresa, asociarse con nosotros representa la oportunidad de formar parte de una iniciativa \u00fanica que combina turismo sostenible y desarrollo comunitario. Al invertir en Mar a Mar, no s\u00f3lo puedes percibir el impacto social directo de tu apoyo en las comunidades locales, sino que tambi\u00e9n pasas a formar parte de un grupo comprometido con el turismo responsable y la sostenibilidad empresarial.","og_url":"https:\/\/caminodecostarica.org\/es\/sobre-nosotros\/asociate-con-nosotros\/","og_site_name":"El Camino de Costa Rica","article_publisher":"https:\/\/www.facebook.com\/ElCaminoDeCostaRica","article_modified_time":"2025-03-22T23:06:02+00:00","og_image":[{"width":2500,"height":1223,"url":"https:\/\/caminodecostarica.org\/wp-content\/uploads\/2024\/11\/header-partner.jpg","type":"image\/jpeg"}],"twitter_card":"summary_large_image","twitter_misc":{"Tiempo de lectura":"2 minutos"},"schema":{"@context":"https:\/\/schema.org","@graph":[{"@type":"WebPage","@id":"https:\/\/caminodecostarica.org\/es\/sobre-nosotros\/asociate-con-nosotros\/","url":"https:\/\/caminodecostarica.org\/es\/sobre-nosotros\/asociate-con-nosotros\/","name":"As\u00f3ciate con nosotros - El Camino de Costa Rica","isPartOf":{"@id":"https:\/\/caminodecostarica.org\/es\/#website"},"primaryImageOfPage":{"@id":"https:\/\/caminodecostarica.org\/es\/sobre-nosotros\/asociate-con-nosotros\/#primaryimage"},"image":{"@id":"https:\/\/caminodecostarica.org\/es\/sobre-nosotros\/asociate-con-nosotros\/#primaryimage"},"thumbnailUrl":"https:\/\/caminodecostarica.org\/wp-content\/uploads\/2024\/11\/header-partner.jpg","datePublished":"2024-11-22T21:50:33+00:00","dateModified":"2025-03-22T23:06:02+00:00","breadcrumb":{"@id":"https:\/\/caminodecostarica.org\/es\/sobre-nosotros\/asociate-con-nosotros\/#breadcrumb"},"inLanguage":"es","potentialAction":[{"@type":"ReadAction","target":["https:\/\/caminodecostarica.org\/es\/sobre-nosotros\/asociate-con-nosotros\/"]}]},{"@type":"ImageObject","inLanguage":"es","@id":"https:\/\/caminodecostarica.org\/es\/sobre-nosotros\/asociate-con-nosotros\/#primaryimage","url":"https:\/\/caminodecostarica.org\/wp-content\/uploads\/2024\/11\/header-partner.jpg","contentUrl":"https:\/\/caminodecostarica.org\/wp-content\/uploads\/2024\/11\/header-partner.jpg","width":2500,"height":1223},{"@type":"BreadcrumbList","@id":"https:\/\/caminodecostarica.org\/es\/sobre-nosotros\/asociate-con-nosotros\/#breadcrumb","itemListElement":[{"@type":"ListItem","position":1,"name":"Home","item":"https:\/\/caminodecostarica.org\/es\/"},{"@type":"ListItem","position":2,"name":"Qui\u00e9nes somos","item":"https:\/\/caminodecostarica.org\/es\/sobre-nosotros\/"},{"@type":"ListItem","position":3,"name":"As\u00f3ciate con nosotros"}]},{"@type":"WebSite","@id":"https:\/\/caminodecostarica.org\/es\/#website","url":"https:\/\/caminodecostarica.org\/es\/","name":"El Camino de Costa Rica","description":"Del Atl\u00e1ntico al Pac\u00edfico","publisher":{"@id":"https:\/\/caminodecostarica.org\/es\/#organization"},"alternateName":"ECCR","potentialAction":[{"@type":"SearchAction","target":{"@type":"EntryPoint","urlTemplate":"https:\/\/caminodecostarica.org\/es\/?s={search_term_string}"},"query-input":{"@type":"PropertyValueSpecification","valueRequired":true,"valueName":"search_term_string"}}],"inLanguage":"es"},{"@type":"Organization","@id":"https:\/\/caminodecostarica.org\/es\/#organization","name":"El Camino de Costa Rica","url":"https:\/\/caminodecostarica.org\/es\/","logo":{"@type":"ImageObject","inLanguage":"es","@id":"https:\/\/caminodecostarica.org\/es\/#\/schema\/logo\/image\/","url":"https:\/\/caminodecostarica.org\/wp-content\/uploads\/2025\/07\/logo-ccr.png","contentUrl":"https:\/\/caminodecostarica.org\/wp-content\/uploads\/2025\/07\/logo-ccr.png","width":600,"height":429,"caption":"El Camino de Costa Rica"},"image":{"@id":"https:\/\/caminodecostarica.org\/es\/#\/schema\/logo\/image\/"},"sameAs":["https:\/\/www.facebook.com\/ElCaminoDeCostaRica","https:\/\/www.instagram.com\/elcaminodecostarica\/"]}]}},"mfb_rest_fields":["title","yoast_head","yoast_head_json"],"_links":{"self":[{"href":"https:\/\/caminodecostarica.org\/es\/wp-json\/wp\/v2\/pages\/3173","targetHints":{"allow":["GET"]}}],"collection":[{"href":"https:\/\/caminodecostarica.org\/es\/wp-json\/wp\/v2\/pages"}],"about":[{"href":"https:\/\/caminodecostarica.org\/es\/wp-json\/wp\/v2\/types\/page"}],"author":[{"embeddable":true,"href":"https:\/\/caminodecostarica.org\/es\/wp-json\/wp\/v2\/users\/1"}],"replies":[{"embeddable":true,"href":"https:\/\/caminodecostarica.org\/es\/wp-json\/wp\/v2\/comments?post=3173"}],"version-history":[{"count":3,"href":"https:\/\/caminodecostarica.org\/es\/wp-json\/wp\/v2\/pages\/3173\/revisions"}],"predecessor-version":[{"id":3849,"href":"https:\/\/caminodecostarica.org\/es\/wp-json\/wp\/v2\/pages\/3173\/revisions\/3849"}],"up":[{"embeddable":true,"href":"https:\/\/caminodecostarica.org\/es\/wp-json\/wp\/v2\/pages\/3288"}],"wp:featuredmedia":[{"embeddable":true,"href":"https:\/\/caminodecostarica.org\/es\/wp-json\/wp\/v2\/media\/3054"}],"wp:attachment":[{"href":"https:\/\/caminodecostarica.org\/es\/wp-json\/wp\/v2\/media?parent=3173"}],"curies":[{"name":"wp","href":"https:\/\/api.w.org\/{rel}","templated":true}]}}