{"id":3168,"date":"2024-11-22T21:51:49","date_gmt":"2024-11-23T03:51:49","guid":{"rendered":"https:\/\/caminodecostarica.org\/planifica-tu-excursion\/"},"modified":"2025-12-22T11:31:51","modified_gmt":"2025-12-22T17:31:51","slug":"planifica-tu-excursion","status":"publish","type":"page","link":"https:\/\/caminodecostarica.org\/es\/planifica-tu-excursion\/","title":{"rendered":"Planifica tu excursi\u00f3n"},"content":{"rendered":"\n<div class=\"wp-block-group alignwide ccr__page-columns has-global-padding is-layout-constrained wp-block-group-is-layout-constrained\">\n<nav class=\"wp-block-stackable-table-of-contents stk-block-table-of-contents stk-block stk-78209e8\" data-block-id=\"78209e8\"><ul class=\"stk-table-of-contents__table\"><li><a href=\"#hiking-entire-trail-consecutively\">Recorrer todo el sendero consecutivamente<\/a><\/li><li><a href=\"#hiking-section-by-section\">Recorriendo el sendero tramo a tramo<\/a><\/li><\/ul><\/nav>\n\n\n\n<p>Un viaje de aventura para todo el mundo, El Camino de Costa Rica lleva a los excursionistas a trav\u00e9s de una serie de comunidades rurales mientras viajan del Atl\u00e1ntico al Pac\u00edfico en 16 etapas, que suelen tardar entre 12 y 16 d\u00edas en completarse.<\/p>\n\n\n\n<p>Puedes elegir recorrer todo el Camino de Costa Rica en un solo viaje, o completar el viaje etapa por etapa. Aqu\u00ed tienes m\u00e1s informaci\u00f3n sobre esas opciones.<\/p>\n\n\n\n<figure class=\"wp-block-image size-full\"><img loading=\"lazy\" decoding=\"async\" width=\"1280\" height=\"960\" src=\"https:\/\/caminodecostarica.org\/wp-content\/uploads\/2025\/02\/Foto-Hiking-the-entire-trail-consecutively-02.jpg\" alt=\"\" class=\"wp-image-2186\" srcset=\"https:\/\/caminodecostarica.org\/wp-content\/uploads\/2025\/02\/Foto-Hiking-the-entire-trail-consecutively-02.jpg 1280w, https:\/\/caminodecostarica.org\/wp-content\/uploads\/2025\/02\/Foto-Hiking-the-entire-trail-consecutively-02-300x225.jpg 300w, https:\/\/caminodecostarica.org\/wp-content\/uploads\/2025\/02\/Foto-Hiking-the-entire-trail-consecutively-02-1024x768.jpg 1024w, https:\/\/caminodecostarica.org\/wp-content\/uploads\/2025\/02\/Foto-Hiking-the-entire-trail-consecutively-02-768x576.jpg 768w\" sizes=\"auto, (max-width: 1280px) 100vw, 1280px\" \/><\/figure>\n<\/div>\n\n\n\n<div class=\"wp-block-group alignwide ccr__page-columns has-global-padding is-layout-constrained wp-block-group-is-layout-constrained\" style=\"margin-bottom:var(--wp--preset--spacing--70)\">\n<div class=\"wp-block-stackable-divider alignwide stk-block-divider stk-block stk-36dae4b\" data-block-id=\"36dae4b\"><style>.stk-36dae4b hr.stk-block-divider__hr{background:#eca541 !important;width:100% !important;}<\/style><hr class=\"stk-block-divider__hr\"\/><\/div>\n\n\n\n<h2 class=\"wp-block-heading\" id=\"hiking-entire-trail-consecutively\">Recorrer todo el sendero consecutivamente<\/h2>\n\n\n\n<p>Esto puede hacerse con un gu\u00eda proporcionado por uno de los operadores tur\u00edsticos, o de forma aut\u00f3noma. En cualquier caso, esta caminata de 280 km (174 millas) pondr\u00e1 a prueba a cualquiera y est\u00e1 a la altura de muchas otras caminatas internacionales de larga distancia de categor\u00eda mundial.<\/p>\n\n\n\n<p>Como en la mayor\u00eda de las aventuras de este nivel de complejidad, la clave para conseguir un disfrute \u00f3ptimo reside en la preparaci\u00f3n. Si eliges ir de excursi\u00f3n con un operador tur\u00edstico, ellos se encargar\u00e1n de la mayor parte de la planificaci\u00f3n log\u00edstica y pueden orientarte en otras fases de la planificaci\u00f3n, pero en \u00faltima instancia sigue siendo tu responsabilidad prepararte adecuadamente para la excursi\u00f3n.<\/p>\n\n\n\n<figure class=\"wp-block-image size-full\"><img loading=\"lazy\" decoding=\"async\" width=\"931\" height=\"629\" src=\"https:\/\/caminodecostarica.org\/wp-content\/uploads\/2025\/02\/Foto-Hiking-the-entire-trail-consecutively-01.jpg\" alt=\"\" class=\"wp-image-2172\" srcset=\"https:\/\/caminodecostarica.org\/wp-content\/uploads\/2025\/02\/Foto-Hiking-the-entire-trail-consecutively-01.jpg 931w, https:\/\/caminodecostarica.org\/wp-content\/uploads\/2025\/02\/Foto-Hiking-the-entire-trail-consecutively-01-300x203.jpg 300w, https:\/\/caminodecostarica.org\/wp-content\/uploads\/2025\/02\/Foto-Hiking-the-entire-trail-consecutively-01-768x519.jpg 768w\" sizes=\"auto, (max-width: 931px) 100vw, 931px\" \/><\/figure>\n\n\n\n<p>Es imprescindible que cualquier persona que planee hacer senderismo de forma aut\u00f3noma revise detenidamente todas las secciones de este sitio web y comprenda claramente lo que tendr\u00e1 que hacer para prepararse adecuadamente. Partir sin estar preparado o sin las reservas de alojamiento necesarias te causar\u00e1 muchas dificultades a ti y a muchos otros, incluida la posibilidad de poner en peligro tu capacidad para completar la ruta. Adem\u00e1s, te recomendamos que te pongas en contacto directamente con la Asociaci\u00f3n Mar a Mar para cualquier pregunta que puedas tener. Tambi\u00e9n pueden organizar una tutor\u00eda virtual individualizada con un asociado experimentado que cubra todos los detalles necesarios para completar con \u00e9xito una traves\u00eda.  <\/p>\n\n\n\n<p>Tambi\u00e9n puedes considerar la compra de la App FarOut o la Gu\u00eda de Senderismo El Camino de Costa Rica, escrita por Evan Brashier. Ambos contienen valiosas ideas y detalles sobre el viaje. Adem\u00e1s, la aplicaci\u00f3n FarOut proporcionar\u00e1 navegaci\u00f3n GPS a quienes la deseen, y otras funciones populares.  <\/p>\n<\/div>\n\n\n\n<div class=\"wp-block-group alignfull has-yellow-light-background-color has-text-color has-background is-layout-flow wp-block-group-is-layout-flow\" style=\"color:#000000;margin-top:var(--wp--preset--spacing--60);margin-bottom:0;padding-top:var(--wp--preset--spacing--60);padding-bottom:var(--wp--preset--spacing--60)\">\n<div class=\"wp-block-group has-global-padding is-layout-constrained wp-block-group-is-layout-constrained\">\n<p class=\"has-text-align-center\">M\u00e1s informaci\u00f3n sobre el Camino de Costa Rica<\/p>\n<\/div>\n\n\n\n<div class=\"wp-block-buttons is-content-justification-center is-layout-flex wp-container-core-buttons-is-layout-a89b3969 wp-block-buttons-is-layout-flex\">\n<div class=\"wp-block-button is-style-fill\"><a class=\"wp-block-button__link has-red-dark-background-color has-text-color has-background has-medium-font-size has-custom-font-size wp-element-button\" href=\"https:\/\/caminodecostarica.org\/es\/planifica-tu-excursion\/con-un-guia\/\" style=\"border-radius:10px;color:#ffffff\">Con un gu\u00eda<\/a><\/div>\n\n\n\n<div class=\"wp-block-button is-style-fill\"><a class=\"wp-block-button__link has-red-dark-background-color has-text-color has-background has-medium-font-size has-custom-font-size wp-element-button\" href=\"https:\/\/caminodecostarica.org\/es\/planifica-tu-excursion\/autoguiado\/\" style=\"border-radius:10px;color:#ffffff\">Autoguiado<\/a><\/div>\n<\/div>\n<\/div>\n\n\n\n<div class=\"wp-block-group alignwide ccr__page-columns has-global-padding is-layout-constrained wp-block-group-is-layout-constrained\" style=\"margin-top:var(--wp--preset--spacing--70);margin-bottom:var(--wp--preset--spacing--70)\">\n<h2 class=\"wp-block-heading\" id=\"hiking-section-by-section\">Recorriendo el sendero tramo a tramo<\/h2>\n\n\n\n<p>El senderismo por tramos permite a los excursionistas experimentar el sendero dentro de sus limitaciones de tiempo o preferencias de comodidad. Las excursiones por tramos suelen consistir en recorrer uno o varios tramos a la vez.  <\/p>\n\n\n\n<p>Las excursiones por secciones pueden hacerse con o sin los servicios de un operador tur\u00edstico, pero utilizar uno puede facilitar mucho la fase de preparaci\u00f3n. Muchos operadores tur\u00edsticos ofrecen paquetes esc\u00e9nicos abiertos al p\u00fablico en general a precios competitivos. Tambi\u00e9n se pueden organizar visitas privadas.  <\/p>\n\n\n\n<figure class=\"wp-block-image size-full\"><img loading=\"lazy\" decoding=\"async\" width=\"1280\" height=\"853\" src=\"https:\/\/caminodecostarica.org\/wp-content\/uploads\/2025\/02\/Foto-Hiking-the-trail-section-by-section-01.jpg\" alt=\"\" class=\"wp-image-2189\" srcset=\"https:\/\/caminodecostarica.org\/wp-content\/uploads\/2025\/02\/Foto-Hiking-the-trail-section-by-section-01.jpg 1280w, https:\/\/caminodecostarica.org\/wp-content\/uploads\/2025\/02\/Foto-Hiking-the-trail-section-by-section-01-300x200.jpg 300w, https:\/\/caminodecostarica.org\/wp-content\/uploads\/2025\/02\/Foto-Hiking-the-trail-section-by-section-01-1024x682.jpg 1024w, https:\/\/caminodecostarica.org\/wp-content\/uploads\/2025\/02\/Foto-Hiking-the-trail-section-by-section-01-768x512.jpg 768w\" sizes=\"auto, (max-width: 1280px) 100vw, 1280px\" \/><\/figure>\n\n\n\n<p>Para los excursionistas aut\u00f3nomos que prefieren ir por libre, es imprescindible planificar minuciosamente su viaje, ya sea de un d\u00eda o de varios. Si planeas hacer senderismo de forma aut\u00f3noma, te recomendamos que te pongas en contacto directamente con la Asociaci\u00f3n Mar a Mar si tienes alguna duda o simplemente deseas recabar informaci\u00f3n y sugerencias que te ayuden a disfrutar m\u00e1s de tu excursi\u00f3n. Ten en cuenta que cualquier secci\u00f3n de senderismo que requiera pernoctar debe haber hecho todas las reservas de alojamiento con antelaci\u00f3n. Aseg\u00farate de revisar a fondo el resumen de la etapa que se encuentra en otra parte de este sitio web, as\u00ed como de revisar la secci\u00f3n Prepara tu Caminata.<\/p>\n<\/div>\n\n\n\n<div class=\"wp-block-group alignfull has-yellow-light-background-color has-text-color has-background is-layout-flow wp-block-group-is-layout-flow\" style=\"color:#000000;margin-top:var(--wp--preset--spacing--60);margin-bottom:0;padding-top:var(--wp--preset--spacing--60);padding-bottom:var(--wp--preset--spacing--60)\">\n<div class=\"wp-block-group has-global-padding is-layout-constrained wp-block-group-is-layout-constrained\">\n<p class=\"has-text-align-center\">Conoce cada etapa de El Camino de Costa Rica<\/p>\n<\/div>\n\n\n\n<div class=\"wp-block-buttons is-horizontal is-content-justification-center is-layout-flex wp-container-core-buttons-is-layout-03627597 wp-block-buttons-is-layout-flex\">\n<div class=\"wp-block-button has-custom-width wp-block-button__width-75 is-style-fill\"><a class=\"wp-block-button__link has-red-dark-background-color has-text-color has-background has-medium-font-size has-custom-font-size wp-element-button\" href=\"https:\/\/caminodecostarica.org\/es\/descubre-el-camino\/etapas-del-camino\/\" style=\"border-radius:10px;color:#ffffff\">Etapas del camino<\/a><\/div>\n<\/div>\n<\/div>\n","protected":false},"excerpt":{"rendered":"<p>Recorrer todo el sendero consecutivamente Recorriendo el sendero tramo a tramo Un viaje de aventura para todo el mundo, El Camino de Costa Rica lleva a los excursionistas a trav\u00e9s de una serie de comunidades rurales mientras viajan del Atl\u00e1ntico al Pac\u00edfico en 16 etapas, que suelen tardar entre 12 y 16 d\u00edas en completarse. [&hellip;]<\/p>\n","protected":false},"author":1,"featured_media":3056,"parent":0,"menu_order":0,"comment_status":"closed","ping_status":"closed","template":"single-page","meta":{"_acf_changed":false,"footnotes":""},"class_list":["post-3168","page","type-page","status-publish","has-post-thumbnail","hentry"],"acf":[],"mb":[],"yoast_head":"<!-- This site is optimized with the Yoast SEO plugin v25.4 - https:\/\/yoast.com\/wordpress\/plugins\/seo\/ -->\n<title>Planifica tu excursi\u00f3n - El Camino de Costa Rica<\/title>\n<meta name=\"robots\" content=\"index, follow, max-snippet:-1, max-image-preview:large, max-video-preview:-1\" \/>\n<link rel=\"canonical\" href=\"https:\/\/caminodecostarica.org\/es\/planifica-tu-excursion\/\" \/>\n<meta property=\"og:locale\" content=\"es_ES\" \/>\n<meta property=\"og:type\" content=\"article\" \/>\n<meta property=\"og:title\" content=\"Planifica tu excursi\u00f3n - El Camino de Costa Rica\" \/>\n<meta property=\"og:description\" content=\"Recorrer todo el sendero consecutivamente Recorriendo el sendero tramo a tramo Un viaje de aventura para todo el mundo, El Camino de Costa Rica lleva a los excursionistas a trav\u00e9s de una serie de comunidades rurales mientras viajan del Atl\u00e1ntico al Pac\u00edfico en 16 etapas, que suelen tardar entre 12 y 16 d\u00edas en completarse. [&hellip;]\" \/>\n<meta property=\"og:url\" content=\"https:\/\/caminodecostarica.org\/es\/planifica-tu-excursion\/\" \/>\n<meta property=\"og:site_name\" content=\"El Camino de Costa Rica\" \/>\n<meta property=\"article:publisher\" content=\"https:\/\/www.facebook.com\/ElCaminoDeCostaRica\" \/>\n<meta property=\"article:modified_time\" content=\"2025-12-22T17:31:51+00:00\" \/>\n<meta property=\"og:image\" content=\"https:\/\/caminodecostarica.org\/wp-content\/uploads\/2025\/02\/Foto-PlanYourHike-Header.jpg\" \/>\n\t<meta property=\"og:image:width\" content=\"2500\" \/>\n\t<meta property=\"og:image:height\" content=\"1875\" \/>\n\t<meta property=\"og:image:type\" content=\"image\/jpeg\" \/>\n<meta name=\"twitter:card\" content=\"summary_large_image\" \/>\n<meta name=\"twitter:label1\" content=\"Tiempo de lectura\" \/>\n\t<meta name=\"twitter:data1\" content=\"4 minutos\" \/>\n<script type=\"application\/ld+json\" class=\"yoast-schema-graph\">{\"@context\":\"https:\/\/schema.org\",\"@graph\":[{\"@type\":\"WebPage\",\"@id\":\"https:\/\/caminodecostarica.org\/es\/planifica-tu-excursion\/\",\"url\":\"https:\/\/caminodecostarica.org\/es\/planifica-tu-excursion\/\",\"name\":\"Planifica tu excursi\u00f3n - El Camino de Costa Rica\",\"isPartOf\":{\"@id\":\"https:\/\/caminodecostarica.org\/es\/#website\"},\"primaryImageOfPage\":{\"@id\":\"https:\/\/caminodecostarica.org\/es\/planifica-tu-excursion\/#primaryimage\"},\"image\":{\"@id\":\"https:\/\/caminodecostarica.org\/es\/planifica-tu-excursion\/#primaryimage\"},\"thumbnailUrl\":\"https:\/\/caminodecostarica.org\/wp-content\/uploads\/2025\/02\/Foto-PlanYourHike-Header.jpg\",\"datePublished\":\"2024-11-23T03:51:49+00:00\",\"dateModified\":\"2025-12-22T17:31:51+00:00\",\"breadcrumb\":{\"@id\":\"https:\/\/caminodecostarica.org\/es\/planifica-tu-excursion\/#breadcrumb\"},\"inLanguage\":\"es\",\"potentialAction\":[{\"@type\":\"ReadAction\",\"target\":[\"https:\/\/caminodecostarica.org\/es\/planifica-tu-excursion\/\"]}]},{\"@type\":\"ImageObject\",\"inLanguage\":\"es\",\"@id\":\"https:\/\/caminodecostarica.org\/es\/planifica-tu-excursion\/#primaryimage\",\"url\":\"https:\/\/caminodecostarica.org\/wp-content\/uploads\/2025\/02\/Foto-PlanYourHike-Header.jpg\",\"contentUrl\":\"https:\/\/caminodecostarica.org\/wp-content\/uploads\/2025\/02\/Foto-PlanYourHike-Header.jpg\",\"width\":2500,\"height\":1875},{\"@type\":\"BreadcrumbList\",\"@id\":\"https:\/\/caminodecostarica.org\/es\/planifica-tu-excursion\/#breadcrumb\",\"itemListElement\":[{\"@type\":\"ListItem\",\"position\":1,\"name\":\"Home\",\"item\":\"https:\/\/caminodecostarica.org\/es\/\"},{\"@type\":\"ListItem\",\"position\":2,\"name\":\"Planifica tu excursi\u00f3n\"}]},{\"@type\":\"WebSite\",\"@id\":\"https:\/\/caminodecostarica.org\/es\/#website\",\"url\":\"https:\/\/caminodecostarica.org\/es\/\",\"name\":\"El Camino de Costa Rica\",\"description\":\"Del Atl\u00e1ntico al Pac\u00edfico\",\"publisher\":{\"@id\":\"https:\/\/caminodecostarica.org\/es\/#organization\"},\"alternateName\":\"ECCR\",\"potentialAction\":[{\"@type\":\"SearchAction\",\"target\":{\"@type\":\"EntryPoint\",\"urlTemplate\":\"https:\/\/caminodecostarica.org\/es\/?s={search_term_string}\"},\"query-input\":{\"@type\":\"PropertyValueSpecification\",\"valueRequired\":true,\"valueName\":\"search_term_string\"}}],\"inLanguage\":\"es\"},{\"@type\":\"Organization\",\"@id\":\"https:\/\/caminodecostarica.org\/es\/#organization\",\"name\":\"El Camino de Costa Rica\",\"url\":\"https:\/\/caminodecostarica.org\/es\/\",\"logo\":{\"@type\":\"ImageObject\",\"inLanguage\":\"es\",\"@id\":\"https:\/\/caminodecostarica.org\/es\/#\/schema\/logo\/image\/\",\"url\":\"https:\/\/caminodecostarica.org\/wp-content\/uploads\/2025\/07\/logo-ccr.png\",\"contentUrl\":\"https:\/\/caminodecostarica.org\/wp-content\/uploads\/2025\/07\/logo-ccr.png\",\"width\":600,\"height\":429,\"caption\":\"El Camino de Costa Rica\"},\"image\":{\"@id\":\"https:\/\/caminodecostarica.org\/es\/#\/schema\/logo\/image\/\"},\"sameAs\":[\"https:\/\/www.facebook.com\/ElCaminoDeCostaRica\",\"https:\/\/www.instagram.com\/elcaminodecostarica\/\"]}]}<\/script>\n<!-- \/ Yoast SEO plugin. -->","yoast_head_json":{"title":"Planifica tu excursi\u00f3n - El Camino de Costa Rica","robots":{"index":"index","follow":"follow","max-snippet":"max-snippet:-1","max-image-preview":"max-image-preview:large","max-video-preview":"max-video-preview:-1"},"canonical":"https:\/\/caminodecostarica.org\/es\/planifica-tu-excursion\/","og_locale":"es_ES","og_type":"article","og_title":"Planifica tu excursi\u00f3n - El Camino de Costa Rica","og_description":"Recorrer todo el sendero consecutivamente Recorriendo el sendero tramo a tramo Un viaje de aventura para todo el mundo, El Camino de Costa Rica lleva a los excursionistas a trav\u00e9s de una serie de comunidades rurales mientras viajan del Atl\u00e1ntico al Pac\u00edfico en 16 etapas, que suelen tardar entre 12 y 16 d\u00edas en completarse. [&hellip;]","og_url":"https:\/\/caminodecostarica.org\/es\/planifica-tu-excursion\/","og_site_name":"El Camino de Costa Rica","article_publisher":"https:\/\/www.facebook.com\/ElCaminoDeCostaRica","article_modified_time":"2025-12-22T17:31:51+00:00","og_image":[{"width":2500,"height":1875,"url":"https:\/\/caminodecostarica.org\/wp-content\/uploads\/2025\/02\/Foto-PlanYourHike-Header.jpg","type":"image\/jpeg"}],"twitter_card":"summary_large_image","twitter_misc":{"Tiempo de lectura":"4 minutos"},"schema":{"@context":"https:\/\/schema.org","@graph":[{"@type":"WebPage","@id":"https:\/\/caminodecostarica.org\/es\/planifica-tu-excursion\/","url":"https:\/\/caminodecostarica.org\/es\/planifica-tu-excursion\/","name":"Planifica tu excursi\u00f3n - El Camino de Costa Rica","isPartOf":{"@id":"https:\/\/caminodecostarica.org\/es\/#website"},"primaryImageOfPage":{"@id":"https:\/\/caminodecostarica.org\/es\/planifica-tu-excursion\/#primaryimage"},"image":{"@id":"https:\/\/caminodecostarica.org\/es\/planifica-tu-excursion\/#primaryimage"},"thumbnailUrl":"https:\/\/caminodecostarica.org\/wp-content\/uploads\/2025\/02\/Foto-PlanYourHike-Header.jpg","datePublished":"2024-11-23T03:51:49+00:00","dateModified":"2025-12-22T17:31:51+00:00","breadcrumb":{"@id":"https:\/\/caminodecostarica.org\/es\/planifica-tu-excursion\/#breadcrumb"},"inLanguage":"es","potentialAction":[{"@type":"ReadAction","target":["https:\/\/caminodecostarica.org\/es\/planifica-tu-excursion\/"]}]},{"@type":"ImageObject","inLanguage":"es","@id":"https:\/\/caminodecostarica.org\/es\/planifica-tu-excursion\/#primaryimage","url":"https:\/\/caminodecostarica.org\/wp-content\/uploads\/2025\/02\/Foto-PlanYourHike-Header.jpg","contentUrl":"https:\/\/caminodecostarica.org\/wp-content\/uploads\/2025\/02\/Foto-PlanYourHike-Header.jpg","width":2500,"height":1875},{"@type":"BreadcrumbList","@id":"https:\/\/caminodecostarica.org\/es\/planifica-tu-excursion\/#breadcrumb","itemListElement":[{"@type":"ListItem","position":1,"name":"Home","item":"https:\/\/caminodecostarica.org\/es\/"},{"@type":"ListItem","position":2,"name":"Planifica tu excursi\u00f3n"}]},{"@type":"WebSite","@id":"https:\/\/caminodecostarica.org\/es\/#website","url":"https:\/\/caminodecostarica.org\/es\/","name":"El Camino de Costa Rica","description":"Del Atl\u00e1ntico al Pac\u00edfico","publisher":{"@id":"https:\/\/caminodecostarica.org\/es\/#organization"},"alternateName":"ECCR","potentialAction":[{"@type":"SearchAction","target":{"@type":"EntryPoint","urlTemplate":"https:\/\/caminodecostarica.org\/es\/?s={search_term_string}"},"query-input":{"@type":"PropertyValueSpecification","valueRequired":true,"valueName":"search_term_string"}}],"inLanguage":"es"},{"@type":"Organization","@id":"https:\/\/caminodecostarica.org\/es\/#organization","name":"El Camino de Costa Rica","url":"https:\/\/caminodecostarica.org\/es\/","logo":{"@type":"ImageObject","inLanguage":"es","@id":"https:\/\/caminodecostarica.org\/es\/#\/schema\/logo\/image\/","url":"https:\/\/caminodecostarica.org\/wp-content\/uploads\/2025\/07\/logo-ccr.png","contentUrl":"https:\/\/caminodecostarica.org\/wp-content\/uploads\/2025\/07\/logo-ccr.png","width":600,"height":429,"caption":"El Camino de Costa Rica"},"image":{"@id":"https:\/\/caminodecostarica.org\/es\/#\/schema\/logo\/image\/"},"sameAs":["https:\/\/www.facebook.com\/ElCaminoDeCostaRica","https:\/\/www.instagram.com\/elcaminodecostarica\/"]}]}},"mfb_rest_fields":["title","yoast_head","yoast_head_json"],"_links":{"self":[{"href":"https:\/\/caminodecostarica.org\/es\/wp-json\/wp\/v2\/pages\/3168","targetHints":{"allow":["GET"]}}],"collection":[{"href":"https:\/\/caminodecostarica.org\/es\/wp-json\/wp\/v2\/pages"}],"about":[{"href":"https:\/\/caminodecostarica.org\/es\/wp-json\/wp\/v2\/types\/page"}],"author":[{"embeddable":true,"href":"https:\/\/caminodecostarica.org\/es\/wp-json\/wp\/v2\/users\/1"}],"replies":[{"embeddable":true,"href":"https:\/\/caminodecostarica.org\/es\/wp-json\/wp\/v2\/comments?post=3168"}],"version-history":[{"count":5,"href":"https:\/\/caminodecostarica.org\/es\/wp-json\/wp\/v2\/pages\/3168\/revisions"}],"predecessor-version":[{"id":4145,"href":"https:\/\/caminodecostarica.org\/es\/wp-json\/wp\/v2\/pages\/3168\/revisions\/4145"}],"wp:featuredmedia":[{"embeddable":true,"href":"https:\/\/caminodecostarica.org\/es\/wp-json\/wp\/v2\/media\/3056"}],"wp:attachment":[{"href":"https:\/\/caminodecostarica.org\/es\/wp-json\/wp\/v2\/media?parent=3168"}],"curies":[{"name":"wp","href":"https:\/\/api.w.org\/{rel}","templated":true}]}}