{"id":3126,"date":"2024-01-17T19:18:19","date_gmt":"2024-01-17T19:18:19","guid":{"rendered":"https:\/\/caminodecostarica.org\/sobre-el-sendero\/"},"modified":"2025-03-22T22:21:06","modified_gmt":"2025-03-22T22:21:06","slug":"sobre-el-camino","status":"publish","type":"page","link":"https:\/\/caminodecostarica.org\/es\/descubre-el-camino\/sobre-el-camino\/","title":{"rendered":"Sobre el sendero"},"content":{"rendered":"\n<div class=\"wp-block-group alignwide ccr__page-columns has-global-padding is-layout-constrained wp-block-group-is-layout-constrained\">\n<nav class=\"wp-block-stackable-table-of-contents stk-block-table-of-contents stk-block stk-9b28a6e\" data-block-id=\"9b28a6e\"><ul class=\"stk-table-of-contents__table\"><li><a href=\"#the-mission\">La misi\u00f3n<\/a><\/li><li><a href=\"#where-does-it-start-and-end\">\u00bfD\u00f3nde empieza y d\u00f3nde acaba?<\/a><\/li><li><a href=\"#why-the-trail\">\u00bfPor qu\u00e9 el sendero?<\/a><\/li><\/ul><\/nav>\n\n\n\n<p>El Camino de Costa Rica es una experiencia de senderismo realmente \u00fanica. Se trata de un precioso recorrido de 280 km (174 millas) que une los oc\u00e9anos Atl\u00e1ntico y Pac\u00edfico a trav\u00e9s de uno de los pa\u00edses con mayor biodiversidad y conciencia medioambiental del mundo. Al pasar por 6 zonas clim\u00e1ticas, la belleza f\u00edsica de todo el pa\u00eds estar\u00e1 en plena exhibici\u00f3n. Encontrar\u00e1s humeantes tierras bajas costeras mientras caminas por plantaciones de pl\u00e1tanos, pi\u00f1as y palma aceitera, senderos selv\u00e1ticos de bosque primario salvaje, granjas de caf\u00e9 de las tierras altas mundialmente famosas, amplios campos abiertos y ranchos ganaderos. La altitud del sendero oscila entre el nivel del mar y 2.333 metros (7.654 pies). Hay casi 7.250 metros (24.000 pies) de desnivel total en toda la ruta. Las temperaturas pueden oscilar normalmente entre 8\u00baC (46\u00baF) y 35\u00baC (95\u00baF) en el mismo viaje y en el plazo de una semana aproximadamente. Hay numerosas cascadas, inolvidables cruces de r\u00edos, bosques primarios, vistas panor\u00e1micas de las cordilleras y volcanes circundantes, y una espectacular excursi\u00f3n a trav\u00e9s de un territorio ind\u00edgena protegido.         <\/p>\n\n\n\n<p>El recorrido abarca todas las formas de pasarela. Encontrar\u00e1s senderos forestales estrechos y dif\u00edciles, caminos de tierra, carreteras agr\u00edcolas de doble v\u00eda, carreteras secundarias olvidadas, caminos de grava y algo de asfalto. Seguro que habr\u00e1 sol, lluvia, barro, bichos, calor y fr\u00edo. El estilo de la ruta es similar al del Camino de Santiago, pero algo m\u00e1s exigente en algunos puntos y en un paisaje y una campi\u00f1a mucho m\u00e1s variados y ex\u00f3ticos.     <\/p>\n\n\n\n<figure class=\"wp-block-embed is-type-video is-provider-youtube wp-block-embed-youtube wp-embed-aspect-16-9 wp-has-aspect-ratio\"><div class=\"wp-block-embed__wrapper\">\n<iframe loading=\"lazy\" title=\"El Camino de Costa Rica | Revista Ox\u00edgeno\" width=\"1200\" height=\"675\" src=\"https:\/\/www.youtube.com\/embed\/-uP1OMLxlGw?feature=oembed\" frameborder=\"0\" allow=\"accelerometer; autoplay; clipboard-write; encrypted-media; gyroscope; picture-in-picture; web-share\" referrerpolicy=\"strict-origin-when-cross-origin\" allowfullscreen><\/iframe>\n<\/div><\/figure>\n<\/div>\n\n\n\n<div class=\"wp-block-group alignfull has-yellow-light-background-color has-text-color has-background is-layout-flow wp-block-group-is-layout-flow\" style=\"color:#000000;margin-top:var(--wp--preset--spacing--60);margin-bottom:0;padding-top:var(--wp--preset--spacing--60);padding-bottom:var(--wp--preset--spacing--60)\">\n<div class=\"wp-block-group has-global-padding is-layout-constrained wp-block-group-is-layout-constrained\">\n<p class=\"has-text-align-center\">Puedes elegir si visitar El Camino de Costa Rica como caminante en solitario o en grupo&#8230; una etapa cada vez, o como un \u00fanico viaje a campo traviesa&#8230; y como experiencia autoguiada, o con un gu\u00eda.  <\/p>\n<\/div>\n\n\n\n<div class=\"wp-block-buttons is-horizontal is-content-justification-center is-layout-flex wp-container-core-buttons-is-layout-03627597 wp-block-buttons-is-layout-flex\">\n<div class=\"wp-block-button has-custom-width wp-block-button__width-75 is-style-fill\"><a class=\"wp-block-button__link has-red-dark-background-color has-text-color has-background has-medium-font-size has-custom-font-size wp-element-button\" href=\"https:\/\/caminodecostarica.org\/es\/planifica-tu-excursion\/\" style=\"border-radius:10px;color:#ffffff\"><strong>Planifica tu excursi\u00f3n<\/strong><\/a><\/div>\n<\/div>\n<\/div>\n\n\n\n<div class=\"wp-block-group alignwide ccr__page-columns has-global-padding is-layout-constrained wp-block-group-is-layout-constrained\" style=\"margin-top:var(--wp--preset--spacing--70);margin-bottom:var(--wp--preset--spacing--70)\">\n<h2 class=\"wp-block-heading wp-embed-aspect-16-9 wp-has-aspect-ratio\" id=\"the-mission\">La misi\u00f3n<\/h2>\n\n\n\n<p class=\"wp-embed-aspect-16-9 wp-has-aspect-ratio\">La caminata es espectacular, pero lo mejor de El Camino de Costa Rica es la gente que no s\u00f3lo conocer\u00e1s por el camino, sino con la que literalmente compartir\u00e1s tu viaje. El sendero conecta m\u00e1s de 25 peque\u00f1as aldeas rurales donde se disfrutar\u00e1 de la mayor\u00eda de los alojamientos y comidas. La mayor\u00eda se encuentran en casas, albergues o campamentos de residentes locales deseosos de compartir sus modestos espacios y la cocina local con la comunidad de excursionistas que llegan a su puerta.    <\/p>\n\n\n\n<p class=\"wp-embed-aspect-16-9 wp-has-aspect-ratio\">La misi\u00f3n de la Asociaci\u00f3n Mar a Mar, la organizaci\u00f3n sin \u00e1nimo de lucro que supervisa El Camino de Costa Rica, es ayudar a desarrollar la infraestructura tur\u00edstica a lo largo de la ruta y promover microempresas ecol\u00f3gicas dirigidas por familias locales. Por lo dem\u00e1s, estos pueblos reciben muy pocos beneficios de la considerable industria tur\u00edstica de Costa Rica. La Asociaci\u00f3n Mar a Mar tambi\u00e9n crea o apoya programas que fomentan la educaci\u00f3n y la concienciaci\u00f3n sobre las prioridades medioambientales en l\u00ednea con la conciencia nacional. Hacer El Camino de Costa Rica es realmente hacer senderismo con un prop\u00f3sito.     <\/p>\n<\/div>\n\n\n\n<div class=\"wp-block-group alignfull has-yellow-light-background-color has-text-color has-background is-layout-flow wp-block-group-is-layout-flow\" style=\"color:#000000;margin-top:0;margin-bottom:0;padding-top:var(--wp--preset--spacing--60);padding-bottom:var(--wp--preset--spacing--60)\">\n<div class=\"wp-block-group has-global-padding is-layout-constrained wp-block-group-is-layout-constrained\">\n<p class=\"has-text-align-center\">Nuestros excursionistas apoyan la conservaci\u00f3n sostenible y los viajes en el coraz\u00f3n de Costa Rica visitando a nuestros empresarios rurales, difundiendo El Camino de Costa Rica, haciendo donaciones y recaudando fondos.  <\/p>\n<\/div>\n\n\n\n<div class=\"wp-block-buttons is-horizontal is-content-justification-center is-layout-flex wp-container-core-buttons-is-layout-03627597 wp-block-buttons-is-layout-flex\">\n<div class=\"wp-block-button has-custom-width wp-block-button__width-75 is-style-fill\"><a class=\"wp-block-button__link has-red-dark-background-color has-text-color has-background has-medium-font-size has-custom-font-size wp-element-button\" href=\"https:\/\/caminodecostarica.org\/es\/unete-a-nuestra-comunidad\/\" style=\"border-radius:10px;color:#ffffff\"><strong>\u00danete a nuestra comunidad internacional<\/strong><\/a><\/div>\n<\/div>\n<\/div>\n\n\n\n<div class=\"wp-block-group alignwide ccr__page-columns has-global-padding is-layout-constrained wp-block-group-is-layout-constrained\" style=\"margin-bottom:var(--wp--preset--spacing--70)\">\n<h2 class=\"wp-block-heading wp-embed-aspect-16-9 wp-has-aspect-ratio\" id=\"where-does-it-start-and-end\">\u00bfD\u00f3nde empieza y d\u00f3nde acaba?<\/h2>\n\n\n\n<p class=\"wp-embed-aspect-16-9 wp-has-aspect-ratio\">El Camino de Costa Rica comienza en la Costa Caribe de Costa Rica (Atl\u00e1ntica), ya sea en la localidad de Parismina o en la comunidad de Barra del Pacuare. Desde ambas ciudades, el excursionista dar\u00e1 un paseo en barco hasta el embarcadero de Goshen, donde comenzar\u00e1 la caminata. <\/p>\n\n\n\n<p class=\"wp-embed-aspect-16-9 wp-has-aspect-ratio\">El Camino de Costa Rica termina en la ciudad de Quepos, en el Pac\u00edfico. Los \u00faltimos escalones est\u00e1n marcados por un hermoso mural de un pulpo. Al llegar a lo alto de la escalera, el excursionista sabe que ha llegado a su destino por la vista del oc\u00e9ano Pac\u00edfico.  <\/p>\n\n\n\n<div class=\"wp-block-stackable-divider alignwide stk-block-divider stk-block stk-a72c6a2 wp-embed-aspect-16-9 wp-has-aspect-ratio\" data-block-id=\"a72c6a2\"><style>.stk-a72c6a2 hr.stk-block-divider__hr{background:#eca541 !important;width:100% !important;}.stk-a72c6a2 {margin-top:24px !important;}<\/style><hr class=\"stk-block-divider__hr\"\/><\/div>\n\n\n\n<h2 class=\"wp-block-heading wp-embed-aspect-16-9 wp-has-aspect-ratio\" id=\"why-the-trail\">\u00bfPor qu\u00e9 el sendero?<\/h2>\n\n\n\n<p class=\"wp-embed-aspect-16-9 wp-has-aspect-ratio\">El turismo de Costa Rica es mundialmente conocido, sin embargo los mayores beneficiarios son sobre todo las poblaciones de las dos costas, dejando a los peque\u00f1os pueblos rurales con pocos beneficios. La Asociaci\u00f3n Mar a Mar ha creado El Camino de Costa Rica para ofrecer esperanza y un futuro prometedor con dignidad a personas emprendedoras de algunas de las regiones m\u00e1s pobres de Costa Rica.   <\/p>\n\n\n\n<figure class=\"wp-block-embed is-type-video is-provider-youtube wp-block-embed-youtube wp-embed-aspect-16-9 wp-has-aspect-ratio\"><div class=\"wp-block-embed__wrapper\">\n<iframe loading=\"lazy\" title=\"El Camino de Costa Rica 2022\" width=\"1200\" height=\"675\" src=\"https:\/\/www.youtube.com\/embed\/lLlHGCyhJeQ?feature=oembed\" frameborder=\"0\" allow=\"accelerometer; autoplay; clipboard-write; encrypted-media; gyroscope; picture-in-picture; web-share\" referrerpolicy=\"strict-origin-when-cross-origin\" allowfullscreen><\/iframe>\n<\/div><\/figure>\n<\/div>\n","protected":false},"excerpt":{"rendered":"<p>280 kil\u00f3metros atravesando Costa Rica de costa a costa.<\/p>\n","protected":false},"author":1,"featured_media":3055,"parent":3128,"menu_order":0,"comment_status":"closed","ping_status":"closed","template":"single-page","meta":{"_acf_changed":false,"footnotes":""},"class_list":["post-3126","page","type-page","status-publish","has-post-thumbnail","hentry"],"acf":[],"mb":[],"yoast_head":"<!-- This site is optimized with the Yoast SEO plugin v25.4 - https:\/\/yoast.com\/wordpress\/plugins\/seo\/ -->\n<title>Sobre el sendero - El Camino de Costa Rica<\/title>\n<meta name=\"robots\" content=\"index, follow, max-snippet:-1, max-image-preview:large, max-video-preview:-1\" \/>\n<link rel=\"canonical\" href=\"https:\/\/caminodecostarica.org\/es\/descubre-el-camino\/sobre-el-camino\/\" \/>\n<meta property=\"og:locale\" content=\"es_ES\" \/>\n<meta property=\"og:type\" content=\"article\" \/>\n<meta property=\"og:title\" content=\"Sobre el sendero - El Camino de Costa Rica\" \/>\n<meta property=\"og:description\" content=\"280 kil\u00f3metros atravesando Costa Rica de costa a costa.\" \/>\n<meta property=\"og:url\" content=\"https:\/\/caminodecostarica.org\/es\/descubre-el-camino\/sobre-el-camino\/\" \/>\n<meta property=\"og:site_name\" content=\"El Camino de Costa Rica\" \/>\n<meta property=\"article:publisher\" content=\"https:\/\/www.facebook.com\/ElCaminoDeCostaRica\" \/>\n<meta property=\"article:modified_time\" content=\"2025-03-22T22:21:06+00:00\" \/>\n<meta property=\"og:image\" content=\"https:\/\/caminodecostarica.org\/wp-content\/uploads\/2025\/02\/Header-PgPrincipal-AboutTheTrail-scaled.jpg\" \/>\n\t<meta property=\"og:image:width\" content=\"2560\" \/>\n\t<meta property=\"og:image:height\" content=\"1912\" \/>\n\t<meta property=\"og:image:type\" content=\"image\/jpeg\" \/>\n<meta name=\"twitter:card\" content=\"summary_large_image\" \/>\n<meta name=\"twitter:label1\" content=\"Tiempo de lectura\" \/>\n\t<meta name=\"twitter:data1\" content=\"3 minutos\" \/>\n<script type=\"application\/ld+json\" class=\"yoast-schema-graph\">{\"@context\":\"https:\/\/schema.org\",\"@graph\":[{\"@type\":\"WebPage\",\"@id\":\"https:\/\/caminodecostarica.org\/es\/descubre-el-camino\/sobre-el-camino\/\",\"url\":\"https:\/\/caminodecostarica.org\/es\/descubre-el-camino\/sobre-el-camino\/\",\"name\":\"Sobre el sendero - El Camino de Costa Rica\",\"isPartOf\":{\"@id\":\"https:\/\/caminodecostarica.org\/es\/#website\"},\"primaryImageOfPage\":{\"@id\":\"https:\/\/caminodecostarica.org\/es\/descubre-el-camino\/sobre-el-camino\/#primaryimage\"},\"image\":{\"@id\":\"https:\/\/caminodecostarica.org\/es\/descubre-el-camino\/sobre-el-camino\/#primaryimage\"},\"thumbnailUrl\":\"https:\/\/caminodecostarica.org\/wp-content\/uploads\/2025\/02\/Header-PgPrincipal-AboutTheTrail-scaled.jpg\",\"datePublished\":\"2024-01-17T19:18:19+00:00\",\"dateModified\":\"2025-03-22T22:21:06+00:00\",\"breadcrumb\":{\"@id\":\"https:\/\/caminodecostarica.org\/es\/descubre-el-camino\/sobre-el-camino\/#breadcrumb\"},\"inLanguage\":\"es\",\"potentialAction\":[{\"@type\":\"ReadAction\",\"target\":[\"https:\/\/caminodecostarica.org\/es\/descubre-el-camino\/sobre-el-camino\/\"]}]},{\"@type\":\"ImageObject\",\"inLanguage\":\"es\",\"@id\":\"https:\/\/caminodecostarica.org\/es\/descubre-el-camino\/sobre-el-camino\/#primaryimage\",\"url\":\"https:\/\/caminodecostarica.org\/wp-content\/uploads\/2025\/02\/Header-PgPrincipal-AboutTheTrail-scaled.jpg\",\"contentUrl\":\"https:\/\/caminodecostarica.org\/wp-content\/uploads\/2025\/02\/Header-PgPrincipal-AboutTheTrail-scaled.jpg\",\"width\":2560,\"height\":1912},{\"@type\":\"BreadcrumbList\",\"@id\":\"https:\/\/caminodecostarica.org\/es\/descubre-el-camino\/sobre-el-camino\/#breadcrumb\",\"itemListElement\":[{\"@type\":\"ListItem\",\"position\":1,\"name\":\"Home\",\"item\":\"https:\/\/caminodecostarica.org\/es\/\"},{\"@type\":\"ListItem\",\"position\":2,\"name\":\"Descubre El Camino\",\"item\":\"https:\/\/caminodecostarica.org\/es\/descubre-el-camino\/\"},{\"@type\":\"ListItem\",\"position\":3,\"name\":\"Sobre el sendero\"}]},{\"@type\":\"WebSite\",\"@id\":\"https:\/\/caminodecostarica.org\/es\/#website\",\"url\":\"https:\/\/caminodecostarica.org\/es\/\",\"name\":\"El Camino de Costa Rica\",\"description\":\"Del Atl\u00e1ntico al Pac\u00edfico\",\"publisher\":{\"@id\":\"https:\/\/caminodecostarica.org\/es\/#organization\"},\"alternateName\":\"ECCR\",\"potentialAction\":[{\"@type\":\"SearchAction\",\"target\":{\"@type\":\"EntryPoint\",\"urlTemplate\":\"https:\/\/caminodecostarica.org\/es\/?s={search_term_string}\"},\"query-input\":{\"@type\":\"PropertyValueSpecification\",\"valueRequired\":true,\"valueName\":\"search_term_string\"}}],\"inLanguage\":\"es\"},{\"@type\":\"Organization\",\"@id\":\"https:\/\/caminodecostarica.org\/es\/#organization\",\"name\":\"El Camino de Costa Rica\",\"url\":\"https:\/\/caminodecostarica.org\/es\/\",\"logo\":{\"@type\":\"ImageObject\",\"inLanguage\":\"es\",\"@id\":\"https:\/\/caminodecostarica.org\/es\/#\/schema\/logo\/image\/\",\"url\":\"https:\/\/caminodecostarica.org\/wp-content\/uploads\/2025\/07\/logo-ccr.png\",\"contentUrl\":\"https:\/\/caminodecostarica.org\/wp-content\/uploads\/2025\/07\/logo-ccr.png\",\"width\":600,\"height\":429,\"caption\":\"El Camino de Costa Rica\"},\"image\":{\"@id\":\"https:\/\/caminodecostarica.org\/es\/#\/schema\/logo\/image\/\"},\"sameAs\":[\"https:\/\/www.facebook.com\/ElCaminoDeCostaRica\",\"https:\/\/www.instagram.com\/elcaminodecostarica\/\"]}]}<\/script>\n<!-- \/ Yoast SEO plugin. -->","yoast_head_json":{"title":"Sobre el sendero - El Camino de Costa Rica","robots":{"index":"index","follow":"follow","max-snippet":"max-snippet:-1","max-image-preview":"max-image-preview:large","max-video-preview":"max-video-preview:-1"},"canonical":"https:\/\/caminodecostarica.org\/es\/descubre-el-camino\/sobre-el-camino\/","og_locale":"es_ES","og_type":"article","og_title":"Sobre el sendero - El Camino de Costa Rica","og_description":"280 kil\u00f3metros atravesando Costa Rica de costa a costa.","og_url":"https:\/\/caminodecostarica.org\/es\/descubre-el-camino\/sobre-el-camino\/","og_site_name":"El Camino de Costa Rica","article_publisher":"https:\/\/www.facebook.com\/ElCaminoDeCostaRica","article_modified_time":"2025-03-22T22:21:06+00:00","og_image":[{"width":2560,"height":1912,"url":"https:\/\/caminodecostarica.org\/wp-content\/uploads\/2025\/02\/Header-PgPrincipal-AboutTheTrail-scaled.jpg","type":"image\/jpeg"}],"twitter_card":"summary_large_image","twitter_misc":{"Tiempo de lectura":"3 minutos"},"schema":{"@context":"https:\/\/schema.org","@graph":[{"@type":"WebPage","@id":"https:\/\/caminodecostarica.org\/es\/descubre-el-camino\/sobre-el-camino\/","url":"https:\/\/caminodecostarica.org\/es\/descubre-el-camino\/sobre-el-camino\/","name":"Sobre el sendero - El Camino de Costa Rica","isPartOf":{"@id":"https:\/\/caminodecostarica.org\/es\/#website"},"primaryImageOfPage":{"@id":"https:\/\/caminodecostarica.org\/es\/descubre-el-camino\/sobre-el-camino\/#primaryimage"},"image":{"@id":"https:\/\/caminodecostarica.org\/es\/descubre-el-camino\/sobre-el-camino\/#primaryimage"},"thumbnailUrl":"https:\/\/caminodecostarica.org\/wp-content\/uploads\/2025\/02\/Header-PgPrincipal-AboutTheTrail-scaled.jpg","datePublished":"2024-01-17T19:18:19+00:00","dateModified":"2025-03-22T22:21:06+00:00","breadcrumb":{"@id":"https:\/\/caminodecostarica.org\/es\/descubre-el-camino\/sobre-el-camino\/#breadcrumb"},"inLanguage":"es","potentialAction":[{"@type":"ReadAction","target":["https:\/\/caminodecostarica.org\/es\/descubre-el-camino\/sobre-el-camino\/"]}]},{"@type":"ImageObject","inLanguage":"es","@id":"https:\/\/caminodecostarica.org\/es\/descubre-el-camino\/sobre-el-camino\/#primaryimage","url":"https:\/\/caminodecostarica.org\/wp-content\/uploads\/2025\/02\/Header-PgPrincipal-AboutTheTrail-scaled.jpg","contentUrl":"https:\/\/caminodecostarica.org\/wp-content\/uploads\/2025\/02\/Header-PgPrincipal-AboutTheTrail-scaled.jpg","width":2560,"height":1912},{"@type":"BreadcrumbList","@id":"https:\/\/caminodecostarica.org\/es\/descubre-el-camino\/sobre-el-camino\/#breadcrumb","itemListElement":[{"@type":"ListItem","position":1,"name":"Home","item":"https:\/\/caminodecostarica.org\/es\/"},{"@type":"ListItem","position":2,"name":"Descubre El Camino","item":"https:\/\/caminodecostarica.org\/es\/descubre-el-camino\/"},{"@type":"ListItem","position":3,"name":"Sobre el sendero"}]},{"@type":"WebSite","@id":"https:\/\/caminodecostarica.org\/es\/#website","url":"https:\/\/caminodecostarica.org\/es\/","name":"El Camino de Costa Rica","description":"Del Atl\u00e1ntico al Pac\u00edfico","publisher":{"@id":"https:\/\/caminodecostarica.org\/es\/#organization"},"alternateName":"ECCR","potentialAction":[{"@type":"SearchAction","target":{"@type":"EntryPoint","urlTemplate":"https:\/\/caminodecostarica.org\/es\/?s={search_term_string}"},"query-input":{"@type":"PropertyValueSpecification","valueRequired":true,"valueName":"search_term_string"}}],"inLanguage":"es"},{"@type":"Organization","@id":"https:\/\/caminodecostarica.org\/es\/#organization","name":"El Camino de Costa Rica","url":"https:\/\/caminodecostarica.org\/es\/","logo":{"@type":"ImageObject","inLanguage":"es","@id":"https:\/\/caminodecostarica.org\/es\/#\/schema\/logo\/image\/","url":"https:\/\/caminodecostarica.org\/wp-content\/uploads\/2025\/07\/logo-ccr.png","contentUrl":"https:\/\/caminodecostarica.org\/wp-content\/uploads\/2025\/07\/logo-ccr.png","width":600,"height":429,"caption":"El Camino de Costa Rica"},"image":{"@id":"https:\/\/caminodecostarica.org\/es\/#\/schema\/logo\/image\/"},"sameAs":["https:\/\/www.facebook.com\/ElCaminoDeCostaRica","https:\/\/www.instagram.com\/elcaminodecostarica\/"]}]}},"mfb_rest_fields":["title","yoast_head","yoast_head_json"],"_links":{"self":[{"href":"https:\/\/caminodecostarica.org\/es\/wp-json\/wp\/v2\/pages\/3126","targetHints":{"allow":["GET"]}}],"collection":[{"href":"https:\/\/caminodecostarica.org\/es\/wp-json\/wp\/v2\/pages"}],"about":[{"href":"https:\/\/caminodecostarica.org\/es\/wp-json\/wp\/v2\/types\/page"}],"author":[{"embeddable":true,"href":"https:\/\/caminodecostarica.org\/es\/wp-json\/wp\/v2\/users\/1"}],"replies":[{"embeddable":true,"href":"https:\/\/caminodecostarica.org\/es\/wp-json\/wp\/v2\/comments?post=3126"}],"version-history":[{"count":8,"href":"https:\/\/caminodecostarica.org\/es\/wp-json\/wp\/v2\/pages\/3126\/revisions"}],"predecessor-version":[{"id":3814,"href":"https:\/\/caminodecostarica.org\/es\/wp-json\/wp\/v2\/pages\/3126\/revisions\/3814"}],"up":[{"embeddable":true,"href":"https:\/\/caminodecostarica.org\/es\/wp-json\/wp\/v2\/pages\/3128"}],"wp:featuredmedia":[{"embeddable":true,"href":"https:\/\/caminodecostarica.org\/es\/wp-json\/wp\/v2\/media\/3055"}],"wp:attachment":[{"href":"https:\/\/caminodecostarica.org\/es\/wp-json\/wp\/v2\/media?parent=3126"}],"curies":[{"name":"wp","href":"https:\/\/api.w.org\/{rel}","templated":true}]}}